

{"id":55267,"date":"2018-03-31T18:21:04","date_gmt":"2018-03-31T16:21:04","guid":{"rendered":"http:\/\/www.xcelsiorselection.com\/product\/happy-bin-l-2\/"},"modified":"2018-04-01T10:45:17","modified_gmt":"2018-04-01T08:45:17","slug":"happy-bin-l","status":"publish","type":"product","link":"https:\/\/www.xcelsiorselection.com\/lv\/product\/happy-bin-l\/","title":{"rendered":"Gru\u017ekaste Happy Bin L"},"content":{"rendered":"<p>Gru\u017ekasti Happy Bin veidojis dizaineris Michael Charlot, pied\u0101v\u0101 z\u012bmols Vitra. Atkritumu kaste pieejama divos izm\u0113ros un piec\u0101s da\u017e\u0101d\u0101s kr\u0101s\u0101s, veidota no robustas plastikas. T\u0101s dizains iedvesmots no Hans Arp izveidotas skulpt\u016bras. Gru\u017ekastes forma ir nedaudz irregul\u0101ra un tai piem\u012bt rota\u013c\u012bguma pieska\u0146a. V\u0101ks viegli no\u0146emams.<\/p>\n","protected":false},"excerpt":{"rendered":"<p><img loading=\"lazy\" decoding=\"async\" alt=\"vitra\" src=\"http:\/\/www.xcelsiorselection.com\/wp-content\/uploads\/2016\/02\/vitra.jpg\" width=\"133\" height=\"43\" \/><\/p>\n<p>Ra\u017eot\u0101js: Vitra<br \/>\nDizaineris: Michel Charlot, 2016<br \/>\nMateri\u0101ls: polipropil\u0113ns<br \/>\nKr\u0101sas: melna, balta, debess zila, sarkana, dzeltena<br \/>\nIzm\u0113rs:\u00a0\u00f8 30 x 37,5 cm<\/p>\n","protected":false},"featured_media":55181,"comment_status":"closed","ping_status":"closed","template":"","meta":[],"_links":{"self":[{"href":"https:\/\/www.xcelsiorselection.com\/lv\/wp-json\/wp\/v2\/product\/55267\/"}],"collection":[{"href":"https:\/\/www.xcelsiorselection.com\/lv\/wp-json\/wp\/v2\/product\/"}],"about":[{"href":"https:\/\/www.xcelsiorselection.com\/lv\/wp-json\/wp\/v2\/types\/product\/"}],"replies":[{"embeddable":true,"href":"https:\/\/www.xcelsiorselection.com\/lv\/wp-json\/wp\/v2\/comments\/?post=55267"}],"wp:featuredmedia":[{"embeddable":true,"href":"https:\/\/www.xcelsiorselection.com\/lv\/wp-json\/wp\/v2\/media\/55181\/"}],"wp:attachment":[{"href":"https:\/\/www.xcelsiorselection.com\/lv\/wp-json\/wp\/v2\/media\/?parent=55267"}],"curies":[{"name":"wp","href":"https:\/\/api.w.org\/{rel}","templated":true}]}}