

{"id":55358,"date":"2018-04-01T14:24:20","date_gmt":"2018-04-01T12:24:20","guid":{"rendered":"http:\/\/www.xcelsiorselection.com\/product\/eames-plywood-elephant-2\/"},"modified":"2018-04-01T14:51:10","modified_gmt":"2018-04-01T12:51:10","slug":"eames-plywood-elephant","status":"publish","type":"product","link":"https:\/\/www.xcelsiorselection.com\/lv\/product\/eames-plywood-elephant\/","title":{"rendered":"Eames Zilonis, koka"},"content":{"rendered":"<p>Ekskluz\u012bva, Amerik\u0101\u0146u \u0137ir\u0161koka, Eames zilo\u0146u versija.<br \/>\nP\u0113c 2007.gada limit\u0113t\u0101 izlaiduma, Vitra nu patst\u0101v\u012bgi pied\u0101v\u0101 Eames Ziloni, k\u0101 to s\u0101kotn\u0113ji bija izt\u0113loju\u0161ies dizaineri.<br \/>\nCharles &amp; Ray Eames 1945.gad\u0101 n\u0101ca kl\u0101j\u0101 ar rota\u013clietu \u2013 zilonis, kas bija izgatavots no sapl\u0101k\u0161\u0146a. \u0160is dizains l\u012bdz ra\u017eo\u0161anai nenon\u0101ca, m\u016bsdien\u0101s zilonis tiek izgatavots no plastmasas un, lai ar\u012b m\u0113r\u0137auditorija ir b\u0113rni, to iem\u012b\u013coju\u0161i ar\u012b pieaugu\u0161ie. Eames Zilonis lieliski papildin\u0101s k\u0101 b\u0113rna istabu, t\u0101 jebkuru citu interjeru vai eksterjeru.<\/p>\n","protected":false},"excerpt":{"rendered":"<p><img loading=\"lazy\" decoding=\"async\" alt=\"vitra\" src=\"http:\/\/www.xcelsiorselection.com\/wp-content\/uploads\/2016\/02\/vitra.jpg\" width=\"133\" height=\"43\" \/><\/p>\n<p>Ra\u017eot\u0101js: Vitra<br \/>\nDizaineris: Charles &amp; Ray Eames, 1945<br \/>\nMateri\u0101ls: Amerikas \u0137irsis<br \/>\nIzm\u0113rs: 41,5 x 78,5 x 41 cm<\/p>\n","protected":false},"featured_media":55353,"comment_status":"closed","ping_status":"closed","template":"","meta":[],"_links":{"self":[{"href":"https:\/\/www.xcelsiorselection.com\/lv\/wp-json\/wp\/v2\/product\/55358\/"}],"collection":[{"href":"https:\/\/www.xcelsiorselection.com\/lv\/wp-json\/wp\/v2\/product\/"}],"about":[{"href":"https:\/\/www.xcelsiorselection.com\/lv\/wp-json\/wp\/v2\/types\/product\/"}],"replies":[{"embeddable":true,"href":"https:\/\/www.xcelsiorselection.com\/lv\/wp-json\/wp\/v2\/comments\/?post=55358"}],"wp:featuredmedia":[{"embeddable":true,"href":"https:\/\/www.xcelsiorselection.com\/lv\/wp-json\/wp\/v2\/media\/55353\/"}],"wp:attachment":[{"href":"https:\/\/www.xcelsiorselection.com\/lv\/wp-json\/wp\/v2\/media\/?parent=55358"}],"curies":[{"name":"wp","href":"https:\/\/api.w.org\/{rel}","templated":true}]}}