

{"id":55434,"date":"2018-04-02T18:09:12","date_gmt":"2018-04-02T16:09:12","guid":{"rendered":"http:\/\/www.xcelsiorselection.com\/product\/ceramic-clocks-model-1-2\/"},"modified":"2018-04-02T18:15:58","modified_gmt":"2018-04-02T16:15:58","slug":"ceramic-clocks-model-1","status":"publish","type":"product","link":"https:\/\/www.xcelsiorselection.com\/lv\/product\/ceramic-clocks-model-1\/","title":{"rendered":"Keramikas Pulkstenis, Modelis #1"},"content":{"rendered":"<p>Keramikas pulkste\u0146i, kuru dizainu rad\u012bjis George Nelson, kombin\u0113 \u0123eometriskas un organiskas formas, veidojot rota\u013c\u012bgus un skulptur\u0101lus objektus.<br \/>\nKomp\u0101nija Vitra arvien pied\u0101v\u0101 klasiskus dizaina objekuts, kas sevi pier\u0101d\u012bju\u0161i ar laika gait\u0101 nez\u016bdo\u0161\u0101m v\u0113rt\u012bb\u0101m.<br \/>\nStarp tiem ar\u012b D\u017eord\u017ea Nelsona pulkste\u0146i un citi interjera objekti. Nelsona 50-to un 60-to gadu dizaina objektiem piem\u012bt sp\u0113c\u012bgs \u0161\u012b laika raksturs, ko labi var kombin\u0113t ar m\u016bsdienu dizainu, padarot to kr\u0101\u0161\u0146\u0101ku.<\/p>\n","protected":false},"excerpt":{"rendered":"<p><img loading=\"lazy\" decoding=\"async\" alt=\"vitra\" src=\"http:\/\/www.xcelsiorselection.com\/wp-content\/uploads\/2016\/02\/vitra.jpg\" width=\"133\" height=\"43\" \/><\/p>\n<p>Ra\u017eot\u0101js: Vitra<br \/>\nDizaineris: George Nelson, 1953<br \/>\nMateri\u0101ls: keramika<br \/>\naugstas kvalit\u0101tes kvarca pulkste\u0146u meh\u0101nisms<br \/>\nIzm\u0113rs: 19 x 8,5 x 13 cm<\/p>\n","protected":false},"featured_media":55391,"comment_status":"closed","ping_status":"closed","template":"","meta":[],"_links":{"self":[{"href":"https:\/\/www.xcelsiorselection.com\/lv\/wp-json\/wp\/v2\/product\/55434\/"}],"collection":[{"href":"https:\/\/www.xcelsiorselection.com\/lv\/wp-json\/wp\/v2\/product\/"}],"about":[{"href":"https:\/\/www.xcelsiorselection.com\/lv\/wp-json\/wp\/v2\/types\/product\/"}],"replies":[{"embeddable":true,"href":"https:\/\/www.xcelsiorselection.com\/lv\/wp-json\/wp\/v2\/comments\/?post=55434"}],"wp:featuredmedia":[{"embeddable":true,"href":"https:\/\/www.xcelsiorselection.com\/lv\/wp-json\/wp\/v2\/media\/55391\/"}],"wp:attachment":[{"href":"https:\/\/www.xcelsiorselection.com\/lv\/wp-json\/wp\/v2\/media\/?parent=55434"}],"curies":[{"name":"wp","href":"https:\/\/api.w.org\/{rel}","templated":true}]}}