

{"id":55459,"date":"2018-04-02T19:06:40","date_gmt":"2018-04-02T17:06:40","guid":{"rendered":"http:\/\/www.xcelsiorselection.com\/product\/orario-wall-clock-3\/"},"modified":"2018-04-02T19:50:17","modified_gmt":"2018-04-02T17:50:17","slug":"orario-wall-clock-2","status":"publish","type":"product","link":"https:\/\/www.xcelsiorselection.com\/lv\/product\/orario-wall-clock-2\/","title":{"rendered":"ORARIO sienas pulkstenis"},"content":{"rendered":"<p>Stil\u012bgs un c\u0113ls, \u0161is, no in\u017eenierpolim\u0113riem veidotais, sienas pulkstenis tiek pied\u0101v\u0101ts da\u017e\u0101dos variantos ar numuriem, balts vai melns; bez numuriem alum\u012bnija apdar\u0113, k\u0101 ar\u012b Inox alum\u012bnija versija.<\/p>\n","protected":false},"excerpt":{"rendered":"<p><img loading=\"lazy\" decoding=\"async\" class=\"irc_mi\" style=\"margin-top: 0px;\" alt=\"Att\u0113lu rezult\u0101ti vaic\u0101jumam \u201crexite logo\u201d\" src=\"http:\/\/ibcorban.hu\/wp-content\/uploads\/2016\/01\/rexite.jpg\" width=\"169\" height=\"73\" \/><br \/>\nRa\u017eot\u0101js: Rexite<br \/>\nDizaineris: Raul Barbieri<br \/>\nMateri\u0101ls: in\u017eenierpolim\u0113ri<br \/>\nKr\u0101sa: balta, melna, alum\u012bnija<br \/>\nIzm\u0113ri: 45 x 5,5 cm<\/p>\n<style type=\"text\/css\"><!--\ntd {border: 1px solid #ccc;}br {mso-data-placement:same-cell;}\n--><\/style>\n","protected":false},"featured_media":838,"comment_status":"closed","ping_status":"closed","template":"","meta":[],"_links":{"self":[{"href":"https:\/\/www.xcelsiorselection.com\/lv\/wp-json\/wp\/v2\/product\/55459\/"}],"collection":[{"href":"https:\/\/www.xcelsiorselection.com\/lv\/wp-json\/wp\/v2\/product\/"}],"about":[{"href":"https:\/\/www.xcelsiorselection.com\/lv\/wp-json\/wp\/v2\/types\/product\/"}],"replies":[{"embeddable":true,"href":"https:\/\/www.xcelsiorselection.com\/lv\/wp-json\/wp\/v2\/comments\/?post=55459"}],"wp:featuredmedia":[{"embeddable":true,"href":"https:\/\/www.xcelsiorselection.com\/lv\/wp-json\/wp\/v2\/media\/838\/"}],"wp:attachment":[{"href":"https:\/\/www.xcelsiorselection.com\/lv\/wp-json\/wp\/v2\/media\/?parent=55459"}],"curies":[{"name":"wp","href":"https:\/\/api.w.org\/{rel}","templated":true}]}}