

{"id":55516,"date":"2018-04-03T18:59:29","date_gmt":"2018-04-03T16:59:29","guid":{"rendered":"http:\/\/www.xcelsiorselection.com\/product\/contrattempo-wall-clock-3\/"},"modified":"2018-04-03T19:38:48","modified_gmt":"2018-04-03T17:38:48","slug":"contrattempo-wall-clock-2","status":"publish","type":"product","link":"https:\/\/www.xcelsiorselection.com\/lv\/product\/contrattempo-wall-clock-2\/","title":{"rendered":"Contrattempo sienas pulkstenis"},"content":{"rendered":"<p>Laiks padom\u0101t, kam\u0113r Contrattempo sv\u0101rsts skaita laiku. Sv\u0101rsta sienas pulkstenim ir \u010detri da\u017e\u0101di varianti, kas var b\u016bt kr\u0101saini un jautri vai nopietn\u0101ki un klasisk\u0101ki. Kr\u0101sas: balta ar daudzkr\u0101sain\u0101m deta\u013c\u0101m, melna ar daudzkr\u0101sain\u0101m deta\u013c\u0101m, alum\u012bnija.<\/p>\n","protected":false},"excerpt":{"rendered":"<p><img loading=\"lazy\" decoding=\"async\" alt=\"Att\u0113lu rezult\u0101ti vaic\u0101jumam \u201crexite logo\u201d\" src=\"http:\/\/ibcorban.hu\/wp-content\/uploads\/2016\/01\/rexite.jpg\" width=\"169\" height=\"73\" \/><br \/>\nRa\u017eot\u0101js: Rexite<br \/>\nDizaineris: Raul Barbieri, Giorgio Marianelli<br \/>\nMateri\u0101ls: in\u017eenierpolim\u0113ri<br \/>\nKr\u0101sa: balta, melna, alum\u012bnija<br \/>\nIzm\u0113ri: 45 x 5,5 cm<\/p>\n","protected":false},"featured_media":845,"comment_status":"closed","ping_status":"closed","template":"","meta":[],"_links":{"self":[{"href":"https:\/\/www.xcelsiorselection.com\/lv\/wp-json\/wp\/v2\/product\/55516\/"}],"collection":[{"href":"https:\/\/www.xcelsiorselection.com\/lv\/wp-json\/wp\/v2\/product\/"}],"about":[{"href":"https:\/\/www.xcelsiorselection.com\/lv\/wp-json\/wp\/v2\/types\/product\/"}],"replies":[{"embeddable":true,"href":"https:\/\/www.xcelsiorselection.com\/lv\/wp-json\/wp\/v2\/comments\/?post=55516"}],"wp:featuredmedia":[{"embeddable":true,"href":"https:\/\/www.xcelsiorselection.com\/lv\/wp-json\/wp\/v2\/media\/845\/"}],"wp:attachment":[{"href":"https:\/\/www.xcelsiorselection.com\/lv\/wp-json\/wp\/v2\/media\/?parent=55516"}],"curies":[{"name":"wp","href":"https:\/\/api.w.org\/{rel}","templated":true}]}}