

{"id":55530,"date":"2018-04-03T20:33:59","date_gmt":"2018-04-03T18:33:59","guid":{"rendered":"http:\/\/www.xcelsiorselection.com\/product\/appuntamento-wall-clock-2\/"},"modified":"2018-04-03T20:56:51","modified_gmt":"2018-04-03T18:56:51","slug":"appuntamento-wall-clock","status":"publish","type":"product","link":"https:\/\/www.xcelsiorselection.com\/lv\/product\/appuntamento-wall-clock\/","title":{"rendered":"Appuntamento sienas pulkstenis"},"content":{"rendered":"<p>L\u012bdz\u012bgi Orario, Appuntamento ir sv\u0101rsta sienas pulksteni in\u017eenierzin\u0101t\u0146u polim\u0113ru. Tas ir pieejams div\u0101s da\u017e\u0101d\u0101s versij\u0101s: balta seja ar meln\u0101m deta\u013c\u0101m, vai melnu seju ar balt\u0101m deta\u013c\u0101m.<\/p>\n","protected":false},"excerpt":{"rendered":"<p><img loading=\"lazy\" decoding=\"async\" alt=\"Att\u0113lu rezult\u0101ti vaic\u0101jumam \u201crexite logo\u201d\" src=\"http:\/\/ibcorban.hu\/wp-content\/uploads\/2016\/01\/rexite.jpg\" width=\"169\" height=\"73\" \/><br \/>\nRa\u017eot\u0101js: Rexite<br \/>\nDizaineris: Raul Barbieri<br \/>\nMateri\u0101ls: in\u017eenierpolim\u0113ri<br \/>\nKr\u0101sa: balta, melna<br \/>\nIzm\u0113ri: 45 x 5,5 cm<\/p>\n","protected":false},"featured_media":848,"comment_status":"closed","ping_status":"closed","template":"","meta":[],"_links":{"self":[{"href":"https:\/\/www.xcelsiorselection.com\/lv\/wp-json\/wp\/v2\/product\/55530\/"}],"collection":[{"href":"https:\/\/www.xcelsiorselection.com\/lv\/wp-json\/wp\/v2\/product\/"}],"about":[{"href":"https:\/\/www.xcelsiorselection.com\/lv\/wp-json\/wp\/v2\/types\/product\/"}],"replies":[{"embeddable":true,"href":"https:\/\/www.xcelsiorselection.com\/lv\/wp-json\/wp\/v2\/comments\/?post=55530"}],"wp:featuredmedia":[{"embeddable":true,"href":"https:\/\/www.xcelsiorselection.com\/lv\/wp-json\/wp\/v2\/media\/848\/"}],"wp:attachment":[{"href":"https:\/\/www.xcelsiorselection.com\/lv\/wp-json\/wp\/v2\/media\/?parent=55530"}],"curies":[{"name":"wp","href":"https:\/\/api.w.org\/{rel}","templated":true}]}}