

{"id":55870,"date":"2018-04-10T15:32:37","date_gmt":"2018-04-10T13:32:37","guid":{"rendered":"http:\/\/www.xcelsiorselection.com\/product\/appuntamento-bubble-2\/"},"modified":"2018-04-10T15:50:46","modified_gmt":"2018-04-10T13:50:46","slug":"appuntamento-bubble","status":"publish","type":"product","link":"https:\/\/www.xcelsiorselection.com\/lv\/product\/appuntamento-bubble\/","title":{"rendered":"Appuntamento BUBBLE"},"content":{"rendered":"<p>Jaunums &#8211; Appuntamento BUBBLE.<br \/>\nL\u012bdz\u012bgi Orario, Appuntamento ir sv\u0101rsta sienas pulkste\u0146i in\u017eenierzin\u0101t\u0146u polim\u0113ru. Klasiskais variants ir pieejams div\u0101s da\u017e\u0101d\u0101s versij\u0101s: balts fons ar meln\u0101m deta\u013c\u0101m, vai melns fons ar balt\u0101m deta\u013c\u0101m.<\/p>\n","protected":false},"excerpt":{"rendered":"<p><img loading=\"lazy\" decoding=\"async\" alt=\"Att\u0113lu rezult\u0101ti vaic\u0101jumam \u201crexite logo\u201d\" src=\"http:\/\/ibcorban.hu\/wp-content\/uploads\/2016\/01\/rexite.jpg\" width=\"169\" height=\"73\" \/><br \/>\nRa\u017eot\u0101js: Rexite<br \/>\nDizaineris: Raul Barbieri<br \/>\nMateri\u0101ls: in\u017eenierpolim\u0113ri<br \/>\nIzm\u0113ri: 45 x 5,5 cm<\/p>\n","protected":false},"featured_media":55865,"comment_status":"closed","ping_status":"closed","template":"","meta":[],"_links":{"self":[{"href":"https:\/\/www.xcelsiorselection.com\/lv\/wp-json\/wp\/v2\/product\/55870\/"}],"collection":[{"href":"https:\/\/www.xcelsiorselection.com\/lv\/wp-json\/wp\/v2\/product\/"}],"about":[{"href":"https:\/\/www.xcelsiorselection.com\/lv\/wp-json\/wp\/v2\/types\/product\/"}],"replies":[{"embeddable":true,"href":"https:\/\/www.xcelsiorselection.com\/lv\/wp-json\/wp\/v2\/comments\/?post=55870"}],"wp:featuredmedia":[{"embeddable":true,"href":"https:\/\/www.xcelsiorselection.com\/lv\/wp-json\/wp\/v2\/media\/55865\/"}],"wp:attachment":[{"href":"https:\/\/www.xcelsiorselection.com\/lv\/wp-json\/wp\/v2\/media\/?parent=55870"}],"curies":[{"name":"wp","href":"https:\/\/api.w.org\/{rel}","templated":true}]}}