

{"id":55911,"date":"2018-04-11T09:23:48","date_gmt":"2018-04-11T07:23:48","guid":{"rendered":"http:\/\/www.xcelsiorselection.com\/product\/pop-coat-stand-2\/"},"modified":"2018-04-11T09:30:50","modified_gmt":"2018-04-11T07:30:50","slug":"pop-coat-stand","status":"publish","type":"product","link":"https:\/\/www.xcelsiorselection.com\/lv\/product\/pop-coat-stand\/","title":{"rendered":"POP m\u0113te\u013cu pakaramais"},"content":{"rendered":"<p>M\u0113te\u013cu pakaramais ar lietussargu tur\u0113t\u0101ju no z\u012bmola Rexite. POP Pakaramais pieejams da\u017e\u0101d\u0101s kr\u0101s\u0101s, veidots no plastisk\u0101m form\u0101m, atg\u0101dinot zieda siluetus. Praktisks un lakonisks, atliek vien izv\u0113l\u0113ties kr\u0101su!<\/p>\n","protected":false},"excerpt":{"rendered":"<p><img loading=\"lazy\" decoding=\"async\" alt=\"Att\u0113lu rezult\u0101ti vaic\u0101jumam \u201crexite logo\u201d\" src=\"http:\/\/ibcorban.hu\/wp-content\/uploads\/2016\/01\/rexite.jpg\" width=\"169\" height=\"73\" \/><br \/>\nRa\u017eot\u0101js: Rexite<br \/>\nDizaineris: Raul Barbieri<br \/>\nMateri\u0101ls: in\u017eenierpolim\u0113ri<br \/>\nKr\u0101sas: balta, melna, sarkana, caursp\u012bd\u012bga \/ alum\u012bnija<br \/>\nIzm\u0113ri: 167 x 38 cm<\/p>\n","protected":false},"featured_media":55888,"comment_status":"closed","ping_status":"closed","template":"","meta":[],"_links":{"self":[{"href":"https:\/\/www.xcelsiorselection.com\/lv\/wp-json\/wp\/v2\/product\/55911\/"}],"collection":[{"href":"https:\/\/www.xcelsiorselection.com\/lv\/wp-json\/wp\/v2\/product\/"}],"about":[{"href":"https:\/\/www.xcelsiorselection.com\/lv\/wp-json\/wp\/v2\/types\/product\/"}],"replies":[{"embeddable":true,"href":"https:\/\/www.xcelsiorselection.com\/lv\/wp-json\/wp\/v2\/comments\/?post=55911"}],"wp:featuredmedia":[{"embeddable":true,"href":"https:\/\/www.xcelsiorselection.com\/lv\/wp-json\/wp\/v2\/media\/55888\/"}],"wp:attachment":[{"href":"https:\/\/www.xcelsiorselection.com\/lv\/wp-json\/wp\/v2\/media\/?parent=55911"}],"curies":[{"name":"wp","href":"https:\/\/api.w.org\/{rel}","templated":true}]}}