

{"id":55948,"date":"2018-04-12T08:42:11","date_gmt":"2018-04-12T06:42:11","guid":{"rendered":"http:\/\/www.xcelsiorselection.com\/product\/cactus-coat-stand-2\/"},"modified":"2018-04-12T08:55:56","modified_gmt":"2018-04-12T06:55:56","slug":"cactus-coat-stand","status":"publish","type":"product","link":"https:\/\/www.xcelsiorselection.com\/lv\/product\/cactus-coat-stand\/","title":{"rendered":"Cactus m\u0113te\u013cu pakaramais"},"content":{"rendered":"<p>M\u0113te\u013cu pakaramais ar lietussargu tur\u0113t\u0101ju no z\u012bmola Rexite.<br \/>\nUnik\u0101lais koka dizaina siluets atrodams da\u017e\u0101dos modernos ofisos visapk\u0101rt pasaul\u0113. Elegants dizains, ide\u0101ls da\u017e\u0101du ap\u0123\u0113rbu pakarin\u0101\u0161anai, nedeform\u0113jot audumu. Komplekt\u0101 lietussargu tur\u0113t\u0101js.<\/p>\n","protected":false},"excerpt":{"rendered":"<p><img loading=\"lazy\" decoding=\"async\" alt=\"Att\u0113lu rezult\u0101ti vaic\u0101jumam \u201crexite logo\u201d\" src=\"http:\/\/ibcorban.hu\/wp-content\/uploads\/2016\/01\/rexite.jpg\" width=\"169\" height=\"73\" \/><br \/>\nRa\u017eot\u0101js: Rexite<br \/>\nDizaineris: Raul Barbieri<br \/>\nMateri\u0101ls: in\u017eenierpolim\u0113ri<br \/>\nKr\u0101sas: balta, melna<br \/>\nIzm\u0113ri: 167 x 40 cm<\/p>\n","protected":false},"featured_media":55939,"comment_status":"closed","ping_status":"closed","template":"","meta":[],"_links":{"self":[{"href":"https:\/\/www.xcelsiorselection.com\/lv\/wp-json\/wp\/v2\/product\/55948\/"}],"collection":[{"href":"https:\/\/www.xcelsiorselection.com\/lv\/wp-json\/wp\/v2\/product\/"}],"about":[{"href":"https:\/\/www.xcelsiorselection.com\/lv\/wp-json\/wp\/v2\/types\/product\/"}],"replies":[{"embeddable":true,"href":"https:\/\/www.xcelsiorselection.com\/lv\/wp-json\/wp\/v2\/comments\/?post=55948"}],"wp:featuredmedia":[{"embeddable":true,"href":"https:\/\/www.xcelsiorselection.com\/lv\/wp-json\/wp\/v2\/media\/55939\/"}],"wp:attachment":[{"href":"https:\/\/www.xcelsiorselection.com\/lv\/wp-json\/wp\/v2\/media\/?parent=55948"}],"curies":[{"name":"wp","href":"https:\/\/api.w.org\/{rel}","templated":true}]}}