

{"id":55997,"date":"2018-04-13T16:36:42","date_gmt":"2018-04-13T14:36:42","guid":{"rendered":"http:\/\/www.xcelsiorselection.com\/product\/gru-hangers-2\/"},"modified":"2018-04-13T17:06:13","modified_gmt":"2018-04-13T15:06:13","slug":"gru-hangers","status":"publish","type":"product","link":"https:\/\/www.xcelsiorselection.com\/lv\/product\/gru-hangers\/","title":{"rendered":"GRU pakaramie"},"content":{"rendered":"<p>Pakaramie. Komplekt\u0101 6 gabali.<br \/>\nVeidots no polikarbon\u0101ta, tam piem\u012bt maigas l\u012bnijas un plastiskas formas. Pakaramie GRU pieejami da\u017e\u0101d\u0101s kr\u0101s\u0101s un versij\u0101s.<\/p>\n","protected":false},"excerpt":{"rendered":"<p><img loading=\"lazy\" decoding=\"async\" alt=\"Att\u0113lu rezult\u0101ti vaic\u0101jumam \u201crexite logo\u201d\" src=\"http:\/\/ibcorban.hu\/wp-content\/uploads\/2016\/01\/rexite.jpg\" width=\"169\" height=\"73\" \/><br \/>\nRa\u017eot\u0101js: Rexite<br \/>\nDizaineris: Raul Barbieri<br \/>\nMateri\u0101ls: in\u017eenierpolim\u0113ri<br \/>\nKr\u0101sas: balta, melna, caursp\u012bd\u012bga, caursp\u012bd\u012bga sarkana<br \/>\nIzm\u0113ri: 43 x 3,5 x 18,5 cm<\/p>\n","protected":false},"featured_media":55957,"comment_status":"closed","ping_status":"closed","template":"","meta":[],"_links":{"self":[{"href":"https:\/\/www.xcelsiorselection.com\/lv\/wp-json\/wp\/v2\/product\/55997\/"}],"collection":[{"href":"https:\/\/www.xcelsiorselection.com\/lv\/wp-json\/wp\/v2\/product\/"}],"about":[{"href":"https:\/\/www.xcelsiorselection.com\/lv\/wp-json\/wp\/v2\/types\/product\/"}],"replies":[{"embeddable":true,"href":"https:\/\/www.xcelsiorselection.com\/lv\/wp-json\/wp\/v2\/comments\/?post=55997"}],"wp:featuredmedia":[{"embeddable":true,"href":"https:\/\/www.xcelsiorselection.com\/lv\/wp-json\/wp\/v2\/media\/55957\/"}],"wp:attachment":[{"href":"https:\/\/www.xcelsiorselection.com\/lv\/wp-json\/wp\/v2\/media\/?parent=55997"}],"curies":[{"name":"wp","href":"https:\/\/api.w.org\/{rel}","templated":true}]}}