

{"id":57382,"date":"2018-05-18T19:40:50","date_gmt":"2018-05-18T17:40:50","guid":{"rendered":"http:\/\/www.xcelsiorselection.com\/product\/starfish-2\/"},"modified":"2018-05-18T19:51:38","modified_gmt":"2018-05-18T17:51:38","slug":"starfish","status":"publish","type":"product","link":"https:\/\/www.xcelsiorselection.com\/lv\/product\/starfish\/","title":{"rendered":"J\u016bras zvaigzne"},"content":{"rendered":"<p>Ar Hay kartes tur\u0113t\u0101ju &#8220;J\u016bras zvaigzne&#8221; var uzglab\u0101t viz\u012btkartes, piez\u012bmes un mon\u0113tas netradicion\u0101los veidos. Veidne atg\u0101dina j\u016bras zvaigzni, t\u0101 ir apr\u012bkota ar riev\u0101m, starp kur\u0101m piez\u012bmes un citi s\u012bkumi var vienk\u0101r\u0161i ievietoties. Izgatavots no alum\u012bnija, kar\u0161u stat\u012bvs ir \u012bpa\u0161i stabils.<\/p>\n","protected":false},"excerpt":{"rendered":"<p><img loading=\"lazy\" decoding=\"async\" alt=\"Hay logo new\" src=\"http:\/\/www.xcelsiorselection.com\/wp-content\/uploads\/2016\/02\/Hay-logo-new1.jpg\" width=\"138\" height=\"53\" \/><\/p>\n<p>Ra\u017eot\u0101js: HAY<br \/>\nMateri\u0101ls: alum\u012bnijs<br \/>\nIzm\u0113rs: \u00d8 5,5 x 14 cm<br \/>\nKr\u0101sa: za\u013ca<\/p>\n","protected":false},"featured_media":57374,"comment_status":"closed","ping_status":"closed","template":"","meta":[],"_links":{"self":[{"href":"https:\/\/www.xcelsiorselection.com\/lv\/wp-json\/wp\/v2\/product\/57382\/"}],"collection":[{"href":"https:\/\/www.xcelsiorselection.com\/lv\/wp-json\/wp\/v2\/product\/"}],"about":[{"href":"https:\/\/www.xcelsiorselection.com\/lv\/wp-json\/wp\/v2\/types\/product\/"}],"replies":[{"embeddable":true,"href":"https:\/\/www.xcelsiorselection.com\/lv\/wp-json\/wp\/v2\/comments\/?post=57382"}],"wp:featuredmedia":[{"embeddable":true,"href":"https:\/\/www.xcelsiorselection.com\/lv\/wp-json\/wp\/v2\/media\/57374\/"}],"wp:attachment":[{"href":"https:\/\/www.xcelsiorselection.com\/lv\/wp-json\/wp\/v2\/media\/?parent=57382"}],"curies":[{"name":"wp","href":"https:\/\/api.w.org\/{rel}","templated":true}]}}