

{"id":57391,"date":"2018-05-18T20:27:50","date_gmt":"2018-05-18T18:27:50","guid":{"rendered":"http:\/\/www.xcelsiorselection.com\/product\/bullet-pen-purple-2\/"},"modified":"2018-05-18T20:33:20","modified_gmt":"2018-05-18T18:33:20","slug":"bullet-pen-purple","status":"publish","type":"product","link":"https:\/\/www.xcelsiorselection.com\/lv\/product\/bullet-pen-purple\/","title":{"rendered":"Pildspalva \u2013 Violeta"},"content":{"rendered":"<p>Pildspalva, kas atg\u0101dina bultu b\u016bs rakst\u0101mpiederums ar odzi\u0146u, jo t\u0101s violetais tonis noteikti pie\u0161\u0137irs ikdienai kr\u0101sas.<br \/>\nPild\u012bta ar tinti, nav iesp\u0113jams atk\u0101rtoti uzpild\u012bt.<br \/>\nHAY dibin\u0101ts 2002.gad\u0101 un nu jau tas k\u013cuvis par vienu no atpaz\u012bstam\u0101kajiem D\u0101nijas z\u012bmoliem, kas izce\u013cas ar modenu dizainu un pieejamu cenu. HAY m\u0113beles apvieno pag\u0101ju\u0161\u0101 gadsimta stilu un inov\u0101cijas m\u016bsdienu vari\u0101cij\u0101s.<\/p>\n","protected":false},"excerpt":{"rendered":"<p><img loading=\"lazy\" decoding=\"async\" alt=\"Hay logo new\" src=\"http:\/\/www.xcelsiorselection.com\/wp-content\/uploads\/2016\/02\/Hay-logo-new1.jpg\" width=\"138\" height=\"53\" \/><\/p>\n<p>Ra\u017eot\u0101js: HAY<br \/>\nMateri\u0101ls: alum\u012bnijs, melna tinte<br \/>\nIzm\u0113rs: 16,5 cm<br \/>\nKr\u0101sa: violeta<\/p>\n","protected":false},"featured_media":57386,"comment_status":"closed","ping_status":"closed","template":"","meta":[],"_links":{"self":[{"href":"https:\/\/www.xcelsiorselection.com\/lv\/wp-json\/wp\/v2\/product\/57391\/"}],"collection":[{"href":"https:\/\/www.xcelsiorselection.com\/lv\/wp-json\/wp\/v2\/product\/"}],"about":[{"href":"https:\/\/www.xcelsiorselection.com\/lv\/wp-json\/wp\/v2\/types\/product\/"}],"replies":[{"embeddable":true,"href":"https:\/\/www.xcelsiorselection.com\/lv\/wp-json\/wp\/v2\/comments\/?post=57391"}],"wp:featuredmedia":[{"embeddable":true,"href":"https:\/\/www.xcelsiorselection.com\/lv\/wp-json\/wp\/v2\/media\/57386\/"}],"wp:attachment":[{"href":"https:\/\/www.xcelsiorselection.com\/lv\/wp-json\/wp\/v2\/media\/?parent=57391"}],"curies":[{"name":"wp","href":"https:\/\/api.w.org\/{rel}","templated":true}]}}