

{"id":57516,"date":"2018-05-20T12:44:32","date_gmt":"2018-05-20T10:44:32","guid":{"rendered":"http:\/\/www.xcelsiorselection.com\/product\/time-15-minutes-m-2\/"},"modified":"2018-05-20T12:47:40","modified_gmt":"2018-05-20T10:47:40","slug":"time-15-minutes-m","status":"publish","type":"product","link":"https:\/\/www.xcelsiorselection.com\/lv\/product\/time-15-minutes-m\/","title":{"rendered":"Smil\u0161u pulkstenis Time \/ 15 min"},"content":{"rendered":"<div id=\"tab-description\">\n<p>Smil\u0161u pulkstenis no z\u012bmola Hay lieliski apvieno est\u0113tiku un funkcionalit\u0101ti. Noapa\u013cotas formas padara \u0161o pulksteni par dizaina priek\u0161metu, kas piesaist\u012bs skatienus biroj\u0101, virtuv\u0113 un cit\u0101s telp\u0101s. To var izmantot k\u0101 vienk\u0101r\u0161u dekor\u0113\u0161anas priek\u0161metu vai k\u0101 praktisku pulksteni, gatavojot vai str\u0101d\u0101jot. Kr\u0101sots stikls nodro\u0161ina maigus kr\u0101su akcentus, ko papildina smilts da\u017e\u0101d\u0101s kr\u0101s\u0101s. Lai ieg\u016btu vair\u0101k inform\u0101cijas par cit\u0101m kr\u0101s\u0101m un izm\u0113riem, l\u016bdzu, sazinieties ar mums!<\/p>\n<p>HAY dibin\u0101ts 2002.gad\u0101 un nu jau tas k\u013cuvis par vienu no atpaz\u012bstam\u0101kajiem D\u0101nijas z\u012bmoliem, kas izce\u013cas ar modenu dizainu un pieejamu cenu. HAY m\u0113beles apvieno pag\u0101ju\u0161\u0101 gadsimta stilu un inov\u0101cijas m\u016bsdienu vari\u0101cij\u0101s.<\/p>\n<\/div>\n","protected":false},"excerpt":{"rendered":"<p><img loading=\"lazy\" decoding=\"async\" alt=\"Hay logo new\" src=\"http:\/\/www.xcelsiorselection.com\/wp-content\/uploads\/2016\/02\/Hay-logo-new1.jpg\" width=\"138\" height=\"53\" \/><\/p>\n<p>Ra\u017eot\u0101js: HAY<br \/>\nMateri\u0101ls: stikls, smilts<br \/>\nKr\u0101sa: oran\u017ea<br \/>\nIzm\u0113rs: \u00d8\u00a05,5 x 14,5 cm<\/p>\n","protected":false},"featured_media":57514,"comment_status":"closed","ping_status":"closed","template":"","meta":[],"_links":{"self":[{"href":"https:\/\/www.xcelsiorselection.com\/lv\/wp-json\/wp\/v2\/product\/57516\/"}],"collection":[{"href":"https:\/\/www.xcelsiorselection.com\/lv\/wp-json\/wp\/v2\/product\/"}],"about":[{"href":"https:\/\/www.xcelsiorselection.com\/lv\/wp-json\/wp\/v2\/types\/product\/"}],"replies":[{"embeddable":true,"href":"https:\/\/www.xcelsiorselection.com\/lv\/wp-json\/wp\/v2\/comments\/?post=57516"}],"wp:featuredmedia":[{"embeddable":true,"href":"https:\/\/www.xcelsiorselection.com\/lv\/wp-json\/wp\/v2\/media\/57514\/"}],"wp:attachment":[{"href":"https:\/\/www.xcelsiorselection.com\/lv\/wp-json\/wp\/v2\/media\/?parent=57516"}],"curies":[{"name":"wp","href":"https:\/\/api.w.org\/{rel}","templated":true}]}}