

{"id":57536,"date":"2018-05-20T13:04:17","date_gmt":"2018-05-20T11:04:17","guid":{"rendered":"http:\/\/www.xcelsiorselection.com\/product\/wall-clock-analog-2\/"},"modified":"2018-05-20T13:10:20","modified_gmt":"2018-05-20T11:10:20","slug":"wall-clock-analog","status":"publish","type":"product","link":"https:\/\/www.xcelsiorselection.com\/lv\/product\/wall-clock-analog\/","title":{"rendered":"Sienas pulkstenis Analog"},"content":{"rendered":"<p>Sienas pulkstenim no z\u012bmola Hay piem\u012bt ikonisks pulkste\u0146a dizains, kas atg\u0101dina dzelzce\u013ca stacijas pulksteni. Smalk\u0101s deta\u013cas pie\u0161\u0137ir alum\u012bnija sienas pulkstenim individu\u0101lu \u0161armu, kas to at\u0161\u0137ir no vecmod\u012bg\u0101 pulkste\u0146a mode\u013ciem un padara to m\u016bsdienu digit\u0101laj\u0101 laikmet\u0101.<br \/>\nHAY dibin\u0101ts 2002.gad\u0101 un nu jau tas k\u013cuvis par vienu no atpaz\u012bstam\u0101kajiem D\u0101nijas z\u012bmoliem, kas izce\u013cas ar modenu dizainu un pieejamu cenu. HAY m\u0113beles apvieno pag\u0101ju\u0161\u0101 gadsimta stilu un inov\u0101cijas m\u016bsdienu vari\u0101cij\u0101s.<\/p>\n","protected":false},"excerpt":{"rendered":"<p><img loading=\"lazy\" decoding=\"async\" alt=\"Hay logo new\" src=\"http:\/\/www.xcelsiorselection.com\/wp-content\/uploads\/2016\/02\/Hay-logo-new1.jpg\" width=\"138\" height=\"53\" \/><\/p>\n<p>Ra\u017eot\u0101js: HAY<br \/>\nMateri\u0101ls: alum\u012bnijs<br \/>\nKr\u0101sa: balta, piparm\u0113tra<br \/>\nIzm\u0113rs: \u00d8 27 x 6,5 cm<\/p>\n","protected":false},"featured_media":57530,"comment_status":"closed","ping_status":"closed","template":"","meta":[],"_links":{"self":[{"href":"https:\/\/www.xcelsiorselection.com\/lv\/wp-json\/wp\/v2\/product\/57536\/"}],"collection":[{"href":"https:\/\/www.xcelsiorselection.com\/lv\/wp-json\/wp\/v2\/product\/"}],"about":[{"href":"https:\/\/www.xcelsiorselection.com\/lv\/wp-json\/wp\/v2\/types\/product\/"}],"replies":[{"embeddable":true,"href":"https:\/\/www.xcelsiorselection.com\/lv\/wp-json\/wp\/v2\/comments\/?post=57536"}],"wp:featuredmedia":[{"embeddable":true,"href":"https:\/\/www.xcelsiorselection.com\/lv\/wp-json\/wp\/v2\/media\/57530\/"}],"wp:attachment":[{"href":"https:\/\/www.xcelsiorselection.com\/lv\/wp-json\/wp\/v2\/media\/?parent=57536"}],"curies":[{"name":"wp","href":"https:\/\/api.w.org\/{rel}","templated":true}]}}