

{"id":57547,"date":"2018-05-20T13:22:45","date_gmt":"2018-05-20T11:22:45","guid":{"rendered":"http:\/\/www.xcelsiorselection.com\/product\/clip-clip-with-spoon-2\/"},"modified":"2018-05-20T13:29:51","modified_gmt":"2018-05-20T11:29:51","slug":"clip-clip-with-spoon","status":"publish","type":"product","link":"https:\/\/www.xcelsiorselection.com\/lv\/product\/clip-clip-with-spoon\/","title":{"rendered":"Clip Clip ar karoti"},"content":{"rendered":"<p>Da\u017ereiz dz\u012bv\u0113 visu iz\u0161\u0137ir maz\u0101s lietas. Clip Clip no z\u012bmola\u00a0Hay ir viena no \u0161\u012bm liet\u0101m. K\u0101p\u0113c jums vajadz\u0113tu izmantot plastik\u0101ta klip\u0161us? Clip Clip iederas vis\u0101s viet\u0101s, tas mazs, bet burv\u012bgs akcents. Z\u012bmols Hay rad\u012bjis da\u017e\u0101dus univers\u0101lus, misi\u0146a kr\u0101sas klip\u0161us no ner\u016bs\u0113jo\u0161\u0101 t\u0113rauda.<br \/>\nZ\u012bmols HAY dibin\u0101ts 2002.gad\u0101 un nu jau tas k\u013cuvis par vienu no atpaz\u012bstam\u0101kajiem D\u0101nijas z\u012bmoliem, kas izce\u013cas ar modenu dizainu un pieejamu cenu. HAY m\u0113beles apvieno pag\u0101ju\u0161\u0101 gadsimta stilu un inov\u0101cijas m\u016bsdienu vari\u0101cij\u0101s.<\/p>\n","protected":false},"excerpt":{"rendered":"<p><img loading=\"lazy\" decoding=\"async\" alt=\"Hay logo new\" src=\"http:\/\/www.xcelsiorselection.com\/wp-content\/uploads\/2016\/02\/Hay-logo-new1.jpg\" width=\"138\" height=\"53\" \/><\/p>\n<p>Ra\u017eot\u0101js: HAY<br \/>\nMateri\u0101ls: ner\u016bs\u0113jo\u0161ais t\u0113rauds<br \/>\nKr\u0101sa: misi\u0146\u0161<br \/>\nIzm\u0113rs: 2,3 x 3,8 x 18 cm<\/p>\n","protected":false},"featured_media":57545,"comment_status":"closed","ping_status":"closed","template":"","meta":[],"_links":{"self":[{"href":"https:\/\/www.xcelsiorselection.com\/lv\/wp-json\/wp\/v2\/product\/57547\/"}],"collection":[{"href":"https:\/\/www.xcelsiorselection.com\/lv\/wp-json\/wp\/v2\/product\/"}],"about":[{"href":"https:\/\/www.xcelsiorselection.com\/lv\/wp-json\/wp\/v2\/types\/product\/"}],"replies":[{"embeddable":true,"href":"https:\/\/www.xcelsiorselection.com\/lv\/wp-json\/wp\/v2\/comments\/?post=57547"}],"wp:featuredmedia":[{"embeddable":true,"href":"https:\/\/www.xcelsiorselection.com\/lv\/wp-json\/wp\/v2\/media\/57545\/"}],"wp:attachment":[{"href":"https:\/\/www.xcelsiorselection.com\/lv\/wp-json\/wp\/v2\/media\/?parent=57547"}],"curies":[{"name":"wp","href":"https:\/\/api.w.org\/{rel}","templated":true}]}}