

{"id":57580,"date":"2018-05-20T17:08:14","date_gmt":"2018-05-20T15:08:14","guid":{"rendered":"http:\/\/www.xcelsiorselection.com\/product\/hook-2-pcs-2\/"},"modified":"2018-05-20T18:47:37","modified_gmt":"2018-05-20T16:47:37","slug":"hook-2-pcs","status":"publish","type":"product","link":"https:\/\/www.xcelsiorselection.com\/lv\/product\/hook-2-pcs\/","title":{"rendered":"Pakaramais 2 gab."},"content":{"rendered":"<p>Divu \u0101\u0137u komplekts no z\u012bmola Vipp. Tie b\u016bs piem\u0113roti gan virtuvei, gan vannas istabai. \u0100\u0137iem ir funkcion\u0101la iedobe, kas nodro\u0161ina pareizu dvie\u013cu tur\u0113\u0161anu.<br \/>\nZ\u012bmols Vipp rad\u0101s no nepiecie\u0161am\u012bbas p\u0113c funkcion\u0101liem instrumentiem profesion\u0101laj\u0101 tirg\u016b. Kop\u0161 1939. gada, kad tika rad\u012bta klasisk\u0101 Vipp atkritumu tvertne, z\u012bmola pied\u0101v\u0101jums ir papildin\u0101ts ar pla\u0161u produktu kl\u0101stu, kas piem\u0113rots gan priv\u0101t\u0101m, gan profesion\u0101l\u0101m vajadz\u012bb\u0101m. Produktu kl\u0101sts ietver da\u017e\u0101dus virtuves un vannas istabas produktus, k\u0101 ar\u012b visu virtuves un vannas istabas koncepciju. Jaunie mode\u013ci ir izgatavoti, izmantojot rakstur\u012bgo Vipp materi\u0101lu t\u0113raudu un gumiju, iev\u0113rojot vair\u0101k nek\u0101 70 gadu ilgo, izcilo meistar\u012bbas trad\u012bciju.<\/p>\n","protected":false},"excerpt":{"rendered":"<p><img loading=\"lazy\" decoding=\"async\" class=\"alignnone  wp-image-57554\" alt=\"vipp2\" src=\"http:\/\/www.xcelsiorselection.com\/wp-content\/uploads\/2018\/05\/vipp21.jpg\" width=\"168\" height=\"82\" \/><\/p>\n<p>Ra\u017eot\u0101js: Vipp<br \/>\nMateri\u0101ls: ner\u016bs\u0113jo\u0161ais t\u0113rauds<br \/>\nIzm\u0113rs: \u00d8 1,4 x 5,8 cm<br \/>\nKomplekt\u0101 2 pakaramie<\/p>\n","protected":false},"featured_media":57575,"comment_status":"closed","ping_status":"closed","template":"","meta":[],"_links":{"self":[{"href":"https:\/\/www.xcelsiorselection.com\/lv\/wp-json\/wp\/v2\/product\/57580\/"}],"collection":[{"href":"https:\/\/www.xcelsiorselection.com\/lv\/wp-json\/wp\/v2\/product\/"}],"about":[{"href":"https:\/\/www.xcelsiorselection.com\/lv\/wp-json\/wp\/v2\/types\/product\/"}],"replies":[{"embeddable":true,"href":"https:\/\/www.xcelsiorselection.com\/lv\/wp-json\/wp\/v2\/comments\/?post=57580"}],"wp:featuredmedia":[{"embeddable":true,"href":"https:\/\/www.xcelsiorselection.com\/lv\/wp-json\/wp\/v2\/media\/57575\/"}],"wp:attachment":[{"href":"https:\/\/www.xcelsiorselection.com\/lv\/wp-json\/wp\/v2\/media\/?parent=57580"}],"curies":[{"name":"wp","href":"https:\/\/api.w.org\/{rel}","templated":true}]}}