

{"id":57596,"date":"2018-05-20T18:36:42","date_gmt":"2018-05-20T16:36:42","guid":{"rendered":"http:\/\/www.xcelsiorselection.com\/product\/shower-wiper-2\/"},"modified":"2018-05-20T18:51:22","modified_gmt":"2018-05-20T16:51:22","slug":"shower-wiper","status":"publish","type":"product","link":"https:\/\/www.xcelsiorselection.com\/lv\/product\/shower-wiper\/","title":{"rendered":"Du\u0161as t\u012br\u012bt\u0101js"},"content":{"rendered":"<p>Du\u0161as t\u012br\u012bt\u0101jam, no z\u012bmola Vipp, ir nomain\u0101mas, m\u012bksta silikona, t\u012br\u012b\u0161anas l\u0101psti\u0146as, kas viegli no\u0146em \u016bdeni no glud\u0101m virsm\u0101m vannas istab\u0101. M\u012bkst\u0101s malas aizsarg\u0101 virsmas, bet silikona roktur\u012btis padara vieglu t\u0101 uzglab\u0101\u0161anu p\u0113c lieto\u0161anas. \u0100\u0137\u012btis komplekt\u0101.<br \/>\nZ\u012bmols Vipp rad\u0101s no nepiecie\u0161am\u012bbas p\u0113c funkcion\u0101liem instrumentiem profesion\u0101laj\u0101 tirg\u016b. Kop\u0161 1939. gada, kad tika rad\u012bta klasisk\u0101 Vipp atkritumu tvertne, z\u012bmola pied\u0101v\u0101jums ir papildin\u0101ts ar pla\u0161u produktu kl\u0101stu, kas piem\u0113rots gan priv\u0101t\u0101m, gan profesion\u0101l\u0101m vajadz\u012bb\u0101m. Produktu kl\u0101sts ietver da\u017e\u0101dus virtuves un vannas istabas produktus, k\u0101 ar\u012b visu virtuves un vannas istabas koncepciju. Jaunie mode\u013ci ir izgatavoti, izmantojot rakstur\u012bgo Vipp materi\u0101lu t\u0113raudu un gumiju, iev\u0113rojot vair\u0101k nek\u0101 70 gadu ilgo, izcilo meistar\u012bbas trad\u012bciju.<\/p>\n","protected":false},"excerpt":{"rendered":"<p><img loading=\"lazy\" decoding=\"async\" alt=\"vipp2\" src=\"http:\/\/www.xcelsiorselection.com\/wp-content\/uploads\/2018\/05\/vipp21.jpg\" width=\"168\" height=\"82\" \/><br \/>\nRa\u017eot\u0101js: Vipp<br \/>\nMateri\u0101ls: ner\u016bs\u0113jo\u0161ais t\u0113rauds, plastmasa, silikons<br \/>\nIzm\u0113rs: 23,8 x 26,2 cm<\/p>\n","protected":false},"featured_media":57588,"comment_status":"closed","ping_status":"closed","template":"","meta":[],"_links":{"self":[{"href":"https:\/\/www.xcelsiorselection.com\/lv\/wp-json\/wp\/v2\/product\/57596\/"}],"collection":[{"href":"https:\/\/www.xcelsiorselection.com\/lv\/wp-json\/wp\/v2\/product\/"}],"about":[{"href":"https:\/\/www.xcelsiorselection.com\/lv\/wp-json\/wp\/v2\/types\/product\/"}],"replies":[{"embeddable":true,"href":"https:\/\/www.xcelsiorselection.com\/lv\/wp-json\/wp\/v2\/comments\/?post=57596"}],"wp:featuredmedia":[{"embeddable":true,"href":"https:\/\/www.xcelsiorselection.com\/lv\/wp-json\/wp\/v2\/media\/57588\/"}],"wp:attachment":[{"href":"https:\/\/www.xcelsiorselection.com\/lv\/wp-json\/wp\/v2\/media\/?parent=57596"}],"curies":[{"name":"wp","href":"https:\/\/api.w.org\/{rel}","templated":true}]}}