

{"id":59509,"date":"2018-06-26T21:55:36","date_gmt":"2018-06-26T19:55:36","guid":{"rendered":"http:\/\/www.xcelsiorselection.com\/product\/laundry-basket-4\/"},"modified":"2018-06-26T22:05:30","modified_gmt":"2018-06-26T20:05:30","slug":"laundry-basket-3","status":"publish","type":"product","link":"https:\/\/www.xcelsiorselection.com\/lv\/product\/laundry-basket-3\/","title":{"rendered":"Ve\u013cas grozs"},"content":{"rendered":"<p>Ve\u013cas grozs no z\u012bmola Vipp ir praktisks net\u012br\u0101s ve\u013cas \u0161\u0137iro\u0161anas piederums, kas ide\u0101li piem\u0113rots vannas istabai vai gu\u013camistabai. Perfor\u0113tais v\u0101ks nodro\u0161ina gaisa cirkul\u0101ciju, ma\u0161\u012bn\u0101 mazg\u0101jama iek\u0161\u0113j\u0101 starplika, kas sadal\u012bta div\u0101s da\u013c\u0101s, padara vienk\u0101r\u0161u ve\u013cas \u0161\u0137iro\u0161anu. Ve\u013cas grozs ir uzst\u0101d\u012bts uz rite\u0146iem.<\/p>\n<p>Vipp sevi d\u0113v\u0113 par \u201cdarbar\u012bku rad\u012bt\u0101jiem\u201d, m\u0113rot \u0161o r\u012bku kvalit\u0101ti ar sp\u0113ju sniegt nemain\u012bgi labu ikdienas lieto\u0161anas pieredzi ar\u012b t\u0101l\u0101k\u0101 laika perspekt\u012bv\u0101. Vipp m\u0113r\u0137is ir piepild\u012bt pasauli ar maz\u0101k, bet lab\u0101kiem produktiem, neskrienot l\u012bdzi gaisto\u0161ajiem dizaina trendiem. Vienalga, vai tiek rad\u012bts \u0101\u0137\u012btis dvie\u013ciem vai virtuve, Vipp galven\u0101 amb\u012bcija \u2014 ienest profesion\u0101laj\u0101 tirg\u016b atrastos funkcionalit\u0101tes principus priv\u0101taj\u0101 telp\u0101 ar nesam\u0101kslotiem industri\u0101l\u0101 dizaina objektiem \u2014 paliek nemain\u012bga.<br \/>\n\u0160obr\u012bd Vipp ir viens no d\u0101\u0146u dizaina vado\u0161ajiem z\u012bmoliem. Savu filozofiju ra\u017eot\u0101js ielicis pla\u0161\u0101 produktu kl\u0101st\u0101 \u2014 no m\u0101jas sadz\u012bves priek\u0161metiem l\u012bdz lamp\u0101m un no virtuves modu\u013cu sist\u0113m\u0101m l\u012bdz m\u0113bel\u0113m un vannas istabas iek\u0101rtojumam.<\/p>\n","protected":false},"excerpt":{"rendered":"<p><img loading=\"lazy\" decoding=\"async\" alt=\"vipp2\" src=\"http:\/\/www.xcelsiorselection.com\/wp-content\/uploads\/2018\/05\/vipp21.jpg\" width=\"168\" height=\"82\" \/><\/p>\n<p>Ra\u017eot\u0101js: Vipp<br \/>\nMateri\u0101ls: ner\u016bs\u0113jo\u0161ais t\u0113rauds, silikons, neilons<br \/>\nKr\u0101sa: melna, balta<br \/>\nIzm\u0113rs: \u00d8 39 x 69 cm<\/p>\n","protected":false},"featured_media":59491,"comment_status":"closed","ping_status":"closed","template":"","meta":[],"_links":{"self":[{"href":"https:\/\/www.xcelsiorselection.com\/lv\/wp-json\/wp\/v2\/product\/59509\/"}],"collection":[{"href":"https:\/\/www.xcelsiorselection.com\/lv\/wp-json\/wp\/v2\/product\/"}],"about":[{"href":"https:\/\/www.xcelsiorselection.com\/lv\/wp-json\/wp\/v2\/types\/product\/"}],"replies":[{"embeddable":true,"href":"https:\/\/www.xcelsiorselection.com\/lv\/wp-json\/wp\/v2\/comments\/?post=59509"}],"wp:featuredmedia":[{"embeddable":true,"href":"https:\/\/www.xcelsiorselection.com\/lv\/wp-json\/wp\/v2\/media\/59491\/"}],"wp:attachment":[{"href":"https:\/\/www.xcelsiorselection.com\/lv\/wp-json\/wp\/v2\/media\/?parent=59509"}],"curies":[{"name":"wp","href":"https:\/\/api.w.org\/{rel}","templated":true}]}}