

{"id":61298,"date":"2018-07-27T09:26:04","date_gmt":"2018-07-27T07:26:04","guid":{"rendered":"http:\/\/www.xcelsiorselection.com\/product\/pedal-bin-30-l-2\/"},"modified":"2018-07-27T09:35:18","modified_gmt":"2018-07-27T07:35:18","slug":"pedal-bin-30-l","status":"publish","type":"product","link":"https:\/\/www.xcelsiorselection.com\/lv\/product\/pedal-bin-30-l\/","title":{"rendered":"Atkritumu tvertne 30 L"},"content":{"rendered":"<div id=\"tab-description\">\n<div id=\"tab-description\">\n<div id=\"tab-description\">\n<p>Atkritumu tvertne Vipp17 b\u016bs lieliski piem\u0113rota virtuvei. \u0160\u012b ped\u0101\u013ca tvertne ir apr\u012bkota ar no\u0146emamu iek\u0161\u0113jo tvertni, v\u0101ku, kas nodro\u0161ina gaisa necaurlaid\u012bgu aizv\u0113r\u0161anos un aizb\u012bd\u0146a meh\u0101nismu, kas nodro\u0161ina vienm\u0113r\u012bgu v\u0101ka nosl\u0113g\u0161anu. Gumijas gredzens pie pamatnes aizsarg\u0101 gr\u012bdas.<\/p>\n<p>Vipp sevi d\u0113v\u0113 par \u201cdarbar\u012bku rad\u012bt\u0101jiem\u201d, m\u0113rot \u0161o r\u012bku kvalit\u0101ti ar sp\u0113ju sniegt nemain\u012bgi labu ikdienas lieto\u0161anas pieredzi ar\u012b t\u0101l\u0101k\u0101 laika perspekt\u012bv\u0101. Vipp m\u0113r\u0137is ir piepild\u012bt pasauli ar maz\u0101k, bet lab\u0101kiem produktiem, neskrienot l\u012bdzi gaisto\u0161ajiem dizaina trendiem. Vienalga, vai tiek rad\u012bts \u0101\u0137\u012btis dvie\u013ciem vai virtuve, Vipp galven\u0101 amb\u012bcija \u2014 ienest profesion\u0101laj\u0101 tirg\u016b atrastos funkcionalit\u0101tes principus priv\u0101taj\u0101 telp\u0101 ar nesam\u0101kslotiem industri\u0101l\u0101 dizaina objektiem \u2014 paliek nemain\u012bga.<br \/>\n\u0160obr\u012bd Vipp ir viens no d\u0101\u0146u dizaina vado\u0161ajiem z\u012bmoliem. Savu filozofiju ra\u017eot\u0101js ielicis pla\u0161\u0101 produktu kl\u0101st\u0101 \u2014 no m\u0101jas sadz\u012bves priek\u0161metiem l\u012bdz lamp\u0101m un no virtuves modu\u013cu sist\u0113m\u0101m l\u012bdz m\u0113bel\u0113m un vannas istabas iek\u0101rtojumam.<\/p>\n<\/div>\n<\/div>\n<\/div>\n","protected":false},"excerpt":{"rendered":"<p><img loading=\"lazy\" decoding=\"async\" alt=\"vipp2\" src=\"http:\/\/www.xcelsiorselection.com\/wp-content\/uploads\/2018\/05\/vipp21.jpg\" width=\"168\" height=\"82\" \/><br \/>\nRa\u017eot\u0101js: Vipp<br \/>\nDizains: Holger Nielsen, 1939. gads<br \/>\nMateri\u0101ls: ner\u016bs\u0113jo\u0161ais t\u0113rauds, silikons<br \/>\nKr\u0101sa: melna, balta<br \/>\nIzm\u0113rs: \u00d8 30 x 72 x 36 cm<br \/>\nApjoms: 30 L<\/p>\n","protected":false},"featured_media":61289,"comment_status":"closed","ping_status":"closed","template":"","meta":[],"_links":{"self":[{"href":"https:\/\/www.xcelsiorselection.com\/lv\/wp-json\/wp\/v2\/product\/61298\/"}],"collection":[{"href":"https:\/\/www.xcelsiorselection.com\/lv\/wp-json\/wp\/v2\/product\/"}],"about":[{"href":"https:\/\/www.xcelsiorselection.com\/lv\/wp-json\/wp\/v2\/types\/product\/"}],"replies":[{"embeddable":true,"href":"https:\/\/www.xcelsiorselection.com\/lv\/wp-json\/wp\/v2\/comments\/?post=61298"}],"wp:featuredmedia":[{"embeddable":true,"href":"https:\/\/www.xcelsiorselection.com\/lv\/wp-json\/wp\/v2\/media\/61289\/"}],"wp:attachment":[{"href":"https:\/\/www.xcelsiorselection.com\/lv\/wp-json\/wp\/v2\/media\/?parent=61298"}],"curies":[{"name":"wp","href":"https:\/\/api.w.org\/{rel}","templated":true}]}}