

{"id":61950,"date":"2018-08-06T10:23:34","date_gmt":"2018-08-06T08:23:34","guid":{"rendered":"http:\/\/www.xcelsiorselection.com\/product\/bowl-large-2\/"},"modified":"2018-08-06T10:36:43","modified_gmt":"2018-08-06T08:36:43","slug":"bowl-large","status":"publish","type":"product","link":"https:\/\/www.xcelsiorselection.com\/lv\/product\/bowl-large\/","title":{"rendered":"Liel\u0101 b\u013coda"},"content":{"rendered":"<div id=\"tab-description\">\n<div id=\"tab-description\">\n<div id=\"tab-description\">\n<div id=\"tab-description\">\n<div id=\"tab-description\">\n<p>Liel\u0101 b\u013coda no z\u012bmola Vipp ir p\u0101rkl\u0101ta ar augstas kvalit\u0101tes porcel\u0101nu. Mat\u0113tai apdarei un gludai iek\u0161pusei, t\u0101 ir glaz\u0113ta no iek\u0161puses un ar rok\u0101m pul\u0113ta no \u0101rpuses.<\/p>\n<p>Vipp sevi d\u0113v\u0113 par \u201cdarbar\u012bku rad\u012bt\u0101jiem\u201d, m\u0113rot \u0161o r\u012bku kvalit\u0101ti ar sp\u0113ju sniegt nemain\u012bgi labu ikdienas lieto\u0161anas pieredzi ar\u012b t\u0101l\u0101k\u0101 laika perspekt\u012bv\u0101. Vipp m\u0113r\u0137is ir piepild\u012bt pasauli ar maz\u0101k, bet lab\u0101kiem produktiem, neskrienot l\u012bdzi gaisto\u0161ajiem dizaina trendiem. Vienalga, vai tiek rad\u012bts \u0101\u0137\u012btis dvie\u013ciem vai virtuve, Vipp galven\u0101 amb\u012bcija \u2014 ienest profesion\u0101laj\u0101 tirg\u016b atrastos funkcionalit\u0101tes principus priv\u0101taj\u0101 telp\u0101 ar nesam\u0101kslotiem industri\u0101l\u0101 dizaina objektiem \u2014 paliek nemain\u012bga.<br \/>\n\u0160obr\u012bd Vipp ir viens no d\u0101\u0146u dizaina vado\u0161ajiem z\u012bmoliem. Savu filozofiju ra\u017eot\u0101js ielicis pla\u0161\u0101 produktu kl\u0101st\u0101 \u2014 no m\u0101jas sadz\u012bves priek\u0161metiem l\u012bdz lamp\u0101m un no virtuves modu\u013cu sist\u0113m\u0101m l\u012bdz m\u0113bel\u0113m un vannas istabas iek\u0101rtojumam.<\/p>\n<\/div>\n<\/div>\n<\/div>\n<\/div>\n<\/div>\n","protected":false},"excerpt":{"rendered":"<p><img loading=\"lazy\" decoding=\"async\" alt=\"vipp2\" src=\"http:\/\/www.xcelsiorselection.com\/wp-content\/uploads\/2018\/05\/vipp21.jpg\" width=\"168\" height=\"82\" \/><\/p>\n<p>Ra\u017eot\u0101js: Vipp<br \/>\nMateri\u0101ls: divsl\u0101\u0146u porcel\u0101ns<br \/>\nKr\u0101sa: balta<br \/>\nIzm\u0113rs: \u00d8 20 x 10,5 cm<\/p>\n","protected":false},"featured_media":61953,"comment_status":"closed","ping_status":"closed","template":"","meta":[],"_links":{"self":[{"href":"https:\/\/www.xcelsiorselection.com\/lv\/wp-json\/wp\/v2\/product\/61950\/"}],"collection":[{"href":"https:\/\/www.xcelsiorselection.com\/lv\/wp-json\/wp\/v2\/product\/"}],"about":[{"href":"https:\/\/www.xcelsiorselection.com\/lv\/wp-json\/wp\/v2\/types\/product\/"}],"replies":[{"embeddable":true,"href":"https:\/\/www.xcelsiorselection.com\/lv\/wp-json\/wp\/v2\/comments\/?post=61950"}],"wp:featuredmedia":[{"embeddable":true,"href":"https:\/\/www.xcelsiorselection.com\/lv\/wp-json\/wp\/v2\/media\/61953\/"}],"wp:attachment":[{"href":"https:\/\/www.xcelsiorselection.com\/lv\/wp-json\/wp\/v2\/media\/?parent=61950"}],"curies":[{"name":"wp","href":"https:\/\/api.w.org\/{rel}","templated":true}]}}