

{"id":62002,"date":"2018-08-06T19:12:36","date_gmt":"2018-08-06T17:12:36","guid":{"rendered":"http:\/\/www.xcelsiorselection.com\/product\/salt-and-pepper-2\/"},"modified":"2018-08-06T19:25:51","modified_gmt":"2018-08-06T17:25:51","slug":"salt-and-pepper","status":"publish","type":"product","link":"https:\/\/www.xcelsiorselection.com\/lv\/product\/salt-and-pepper\/","title":{"rendered":"S\u0101ls un piparu dzirnavi\u0146as"},"content":{"rendered":"<p>S\u0101ls un piparu dzirnavi\u0146as no z\u012bmola Vipp b\u016bs ask\u0113tiski galda piederumi virtuv\u0113 vai \u0113damistab\u0101. Trauku komplekts ir veidots ar groz\u0101mu virsmu un iztur\u012bg\u0101m keramikas dzirnavi\u0146\u0101m ar izsmalcin\u0101tu sl\u012bp\u0113\u0161anas ska\u0146u. Pamatnes traukam ir no\u0146emama iek\u0161\u0113j\u0101 da\u013ca.<\/p>\n<p>Vipp sevi d\u0113v\u0113 par \u201cdarbar\u012bku rad\u012bt\u0101jiem\u201d, m\u0113rot \u0161o r\u012bku kvalit\u0101ti ar sp\u0113ju sniegt nemain\u012bgi labu ikdienas lieto\u0161anas pieredzi ar\u012b t\u0101l\u0101k\u0101 laika perspekt\u012bv\u0101. Vipp m\u0113r\u0137is ir piepild\u012bt pasauli ar maz\u0101k, bet lab\u0101kiem produktiem, neskrienot l\u012bdzi gaisto\u0161ajiem dizaina trendiem. Vienalga, vai tiek rad\u012bts \u0101\u0137\u012btis dvie\u013ciem vai virtuve, Vipp galven\u0101 amb\u012bcija \u2014 ienest profesion\u0101laj\u0101 tirg\u016b atrastos funkcionalit\u0101tes principus priv\u0101taj\u0101 telp\u0101 ar nesam\u0101kslotiem industri\u0101l\u0101 dizaina objektiem \u2014 paliek nemain\u012bga.<br \/>\n\u0160obr\u012bd Vipp ir viens no d\u0101\u0146u dizaina vado\u0161ajiem z\u012bmoliem. Savu filozofiju ra\u017eot\u0101js ielicis pla\u0161\u0101 produktu kl\u0101st\u0101 \u2014 no m\u0101jas sadz\u012bves priek\u0161metiem l\u012bdz lamp\u0101m un no virtuves modu\u013cu sist\u0113m\u0101m l\u012bdz m\u0113bel\u0113m un vannas istabas iek\u0101rtojumam.<\/p>\n","protected":false},"excerpt":{"rendered":"<p><img loading=\"lazy\" decoding=\"async\" alt=\"vipp2\" src=\"http:\/\/www.xcelsiorselection.com\/wp-content\/uploads\/2018\/05\/vipp21.jpg\" width=\"168\" height=\"82\" \/><br \/>\nRa\u017eot\u0101js: Vipp<br \/>\nMateri\u0101ls: t\u0113rauds, cinka sakaus\u0113jums, silikons, plastmasa<br \/>\nIzm\u0113rs: trauks \u00d8 6,5 x 11,8 cm,<br \/>\npamatne 16,5 x 9 cm<\/p>\n","protected":false},"featured_media":61994,"comment_status":"closed","ping_status":"closed","template":"","meta":[],"_links":{"self":[{"href":"https:\/\/www.xcelsiorselection.com\/lv\/wp-json\/wp\/v2\/product\/62002\/"}],"collection":[{"href":"https:\/\/www.xcelsiorselection.com\/lv\/wp-json\/wp\/v2\/product\/"}],"about":[{"href":"https:\/\/www.xcelsiorselection.com\/lv\/wp-json\/wp\/v2\/types\/product\/"}],"replies":[{"embeddable":true,"href":"https:\/\/www.xcelsiorselection.com\/lv\/wp-json\/wp\/v2\/comments\/?post=62002"}],"wp:featuredmedia":[{"embeddable":true,"href":"https:\/\/www.xcelsiorselection.com\/lv\/wp-json\/wp\/v2\/media\/61994\/"}],"wp:attachment":[{"href":"https:\/\/www.xcelsiorselection.com\/lv\/wp-json\/wp\/v2\/media\/?parent=62002"}],"curies":[{"name":"wp","href":"https:\/\/api.w.org\/{rel}","templated":true}]}}