

{"id":62019,"date":"2018-08-06T19:50:50","date_gmt":"2018-08-06T17:50:50","guid":{"rendered":"http:\/\/www.xcelsiorselection.com\/product\/kitchen-roll-holder-2\/"},"modified":"2018-08-06T20:05:03","modified_gmt":"2018-08-06T18:05:03","slug":"kitchen-roll-holder","status":"publish","type":"product","link":"https:\/\/www.xcelsiorselection.com\/lv\/product\/kitchen-roll-holder\/","title":{"rendered":"Virtuves ru\u013c\u013ca tur\u0113t\u0101js"},"content":{"rendered":"<p>Virtuves ru\u013c\u013ca tur\u0113t\u0101js no z\u012bmola Vipp pal\u012bdz kontrol\u0113t pap\u012bra dvie\u013cus virtuv\u0113. Ciet\u0101 pamatne ru\u013c\u013ca tur\u0113t\u0101jam dod stabilit\u0101ti, ner\u016bs\u0113jo\u0161\u0101 t\u0113rauda stien\u012btis tur pap\u012bra dvieli viet\u0101. Vipp virtuves ru\u013c\u013cu tur\u0113t\u0101js tiek izgatavots atbilsto\u0161i Eiropas standarta pap\u012bra dvie\u013cu izm\u0113ram.<\/p>\n<p>Vipp sevi d\u0113v\u0113 par \u201cdarbar\u012bku rad\u012bt\u0101jiem\u201d, m\u0113rot \u0161o r\u012bku kvalit\u0101ti ar sp\u0113ju sniegt nemain\u012bgi labu ikdienas lieto\u0161anas pieredzi ar\u012b t\u0101l\u0101k\u0101 laika perspekt\u012bv\u0101. Vipp m\u0113r\u0137is ir piepild\u012bt pasauli ar maz\u0101k, bet lab\u0101kiem produktiem, neskrienot l\u012bdzi gaisto\u0161ajiem dizaina trendiem. Vienalga, vai tiek rad\u012bts \u0101\u0137\u012btis dvie\u013ciem vai virtuve, Vipp galven\u0101 amb\u012bcija \u2014 ienest profesion\u0101laj\u0101 tirg\u016b atrastos funkcionalit\u0101tes principus priv\u0101taj\u0101 telp\u0101 ar nesam\u0101kslotiem industri\u0101l\u0101 dizaina objektiem \u2014 paliek nemain\u012bga.<br \/>\n\u0160obr\u012bd Vipp ir viens no d\u0101\u0146u dizaina vado\u0161ajiem z\u012bmoliem. Savu filozofiju ra\u017eot\u0101js ielicis pla\u0161\u0101 produktu kl\u0101st\u0101 \u2014 no m\u0101jas sadz\u012bves priek\u0161metiem l\u012bdz lamp\u0101m un no virtuves modu\u013cu sist\u0113m\u0101m l\u012bdz m\u0113bel\u0113m un vannas istabas iek\u0101rtojumam.<\/p>\n","protected":false},"excerpt":{"rendered":"<p><img loading=\"lazy\" decoding=\"async\" alt=\"vipp2\" src=\"http:\/\/www.xcelsiorselection.com\/wp-content\/uploads\/2018\/05\/vipp21.jpg\" width=\"168\" height=\"82\" \/><\/p>\n<p>Ra\u017eot\u0101js: Vipp<br \/>\nMateri\u0101ls: alum\u012bnijs, ner\u016bs\u0113jo\u0161ais t\u0113rauds, silikona gumija, plastmasa<br \/>\nIzm\u0113rs: \u00d8 12 x 30,3 cm<\/p>\n","protected":false},"featured_media":62007,"comment_status":"closed","ping_status":"closed","template":"","meta":[],"_links":{"self":[{"href":"https:\/\/www.xcelsiorselection.com\/lv\/wp-json\/wp\/v2\/product\/62019\/"}],"collection":[{"href":"https:\/\/www.xcelsiorselection.com\/lv\/wp-json\/wp\/v2\/product\/"}],"about":[{"href":"https:\/\/www.xcelsiorselection.com\/lv\/wp-json\/wp\/v2\/types\/product\/"}],"replies":[{"embeddable":true,"href":"https:\/\/www.xcelsiorselection.com\/lv\/wp-json\/wp\/v2\/comments\/?post=62019"}],"wp:featuredmedia":[{"embeddable":true,"href":"https:\/\/www.xcelsiorselection.com\/lv\/wp-json\/wp\/v2\/media\/62007\/"}],"wp:attachment":[{"href":"https:\/\/www.xcelsiorselection.com\/lv\/wp-json\/wp\/v2\/media\/?parent=62019"}],"curies":[{"name":"wp","href":"https:\/\/api.w.org\/{rel}","templated":true}]}}