

{"id":70879,"date":"2018-11-29T16:25:16","date_gmt":"2018-11-29T14:25:16","guid":{"rendered":"https:\/\/www.xcelsiorselection.com\/product\/wall-spot-lamp\/"},"modified":"2018-11-29T16:49:05","modified_gmt":"2018-11-29T14:49:05","slug":"wall-spot-lamp","status":"publish","type":"product","link":"https:\/\/www.xcelsiorselection.com\/lv\/product\/wall-spot-lamp\/","title":{"rendered":"Maz\u0101 sienas lampa"},"content":{"rendered":"<p>Sienas lampa no z\u012bmola Vipp kalpos k\u0101 darba gaismeklis biroj\u0101 vai m\u0101j\u0101s.\u00a0<span class=\"\">T\u0101 ir apr\u012bkota ar regul\u0113jam\u0101m skr\u016bv\u0113m un <\/span><span class=\"\">mat\u0113tu stiklu, kas nodro\u0161ina pat\u012bkamu gaismas izkliedi.<\/span><br \/>\nVipp sevi d\u0113v\u0113 par \u201cdarbar\u012bku rad\u012bt\u0101jiem\u201d, m\u0113rot \u0161o r\u012bku kvalit\u0101ti ar sp\u0113ju sniegt nemain\u012bgi labu ikdienas lieto\u0161anas pieredzi ar\u012b t\u0101l\u0101k\u0101 laika perspekt\u012bv\u0101. Vipp m\u0113r\u0137is ir piepild\u012bt pasauli ar maz\u0101k, bet lab\u0101kiem produktiem, neskrienot l\u012bdzi gaisto\u0161ajiem dizaina trendiem. Vienalga, vai tiek rad\u012bts \u0101\u0137\u012btis dvie\u013ciem vai virtuve, Vipp galven\u0101 amb\u012bcija \u2014 ienest profesion\u0101laj\u0101 tirg\u016b atrastos funkcionalit\u0101tes principus priv\u0101taj\u0101 telp\u0101 ar nesam\u0101kslotiem industri\u0101l\u0101 dizaina objektiem \u2014 paliek nemain\u012bga.<br \/>\n\u0160obr\u012bd Vipp ir viens no d\u0101\u0146u dizaina vado\u0161ajiem z\u012bmoliem. Savu filozofiju ra\u017eot\u0101js ielicis pla\u0161\u0101 produktu kl\u0101st\u0101 \u2014 no m\u0101jas sadz\u012bves priek\u0161metiem l\u012bdz lamp\u0101m un no virtuves modu\u013cu sist\u0113m\u0101m l\u012bdz m\u0113bel\u0113m un vannas istabas iek\u0101rtojumam.<\/p>\n","protected":false},"excerpt":{"rendered":"<p><img loading=\"lazy\" decoding=\"async\" src=\"http:\/\/www.xcelsiorselection.com\/wp-content\/uploads\/2018\/05\/vipp21.jpg\" alt=\"vipp2\" width=\"168\" height=\"82\" \/><\/p>\n<div class=\"short-description\">\n<p><span id=\"result_box\" class=\"\" lang=\"lv\">Ra\u017eot\u0101js: Vipp<br \/>\nMateri\u0101ls: alum\u012bnijs, ner\u016bs\u0113jo\u0161ais t\u0113rauds<br \/>\nsilikons, stikls, auduma p\u0101rkl\u0101jums<br \/>\n<span class=\"\">Kr\u0101sa: melna<\/span>, balta<br \/>\n<span class=\"\">Jauda: E14 MAX 15W<\/span><\/span><\/p>\n<\/div>\n","protected":false},"featured_media":70870,"comment_status":"closed","ping_status":"closed","template":"","meta":[],"_links":{"self":[{"href":"https:\/\/www.xcelsiorselection.com\/lv\/wp-json\/wp\/v2\/product\/70879\/"}],"collection":[{"href":"https:\/\/www.xcelsiorselection.com\/lv\/wp-json\/wp\/v2\/product\/"}],"about":[{"href":"https:\/\/www.xcelsiorselection.com\/lv\/wp-json\/wp\/v2\/types\/product\/"}],"replies":[{"embeddable":true,"href":"https:\/\/www.xcelsiorselection.com\/lv\/wp-json\/wp\/v2\/comments\/?post=70879"}],"wp:featuredmedia":[{"embeddable":true,"href":"https:\/\/www.xcelsiorselection.com\/lv\/wp-json\/wp\/v2\/media\/70870\/"}],"wp:attachment":[{"href":"https:\/\/www.xcelsiorselection.com\/lv\/wp-json\/wp\/v2\/media\/?parent=70879"}],"curies":[{"name":"wp","href":"https:\/\/api.w.org\/{rel}","templated":true}]}}