

{"id":71175,"date":"2018-12-12T13:02:39","date_gmt":"2018-12-12T11:02:39","guid":{"rendered":"https:\/\/www.xcelsiorselection.com\/product\/matchbox-letters\/"},"modified":"2018-12-12T13:36:23","modified_gmt":"2018-12-12T11:36:23","slug":"matchbox-letters","status":"publish","type":"product","link":"https:\/\/www.xcelsiorselection.com\/lv\/product\/matchbox-letters\/","title":{"rendered":"S\u0113rkoci\u0146i &#8220;Burti&#8221;"},"content":{"rendered":"<p><span class=\"pretty-seo-banner__content-text-partition hidden-xs hidden-sm hidden-md pretty-seo-banner__content-text-partition--desktop\">S\u0113rkoci\u0146u kas\u012bte &#8220;Letters&#8221;, jeb &#8220;Burti&#8221; ir dekor\u0113ta ar grafisku z\u012bm\u0113jumu rakstu, kas izgatavots no Baobab kolekcijas ikonisk\u0101s tipogr\u0101fijas. \u0160is klasiskais melnbalt\u0101 apvienojums rada elegantu dizaina objektu, kas ir gatavs aizdedzin\u0101t da\u017e\u0101du izm\u0113ru sveces.<br \/>\nIzveidota Tanz\u0101nij\u0101 2002. gad\u0101, komp\u0101nija Baobab rada sveces un dif\u016bzerus, kas ir paz\u012bstami ar to izm\u0113ru un dizainu. Atkl\u0101jiet sveces un dif\u016bzerus, ko iedvesmoju\u0161as t\u0101las zemes un savva\u013cas daba. Baobab kolekcijas produkti lieliski papildin\u0101s katru interjeru, liel\u0101k\u0101 \u0161\u012bs produkcijas svece izgaismos j\u016bsu m\u0101ju un rad\u012bs pat\u012bkamu arom\u0101tu l\u012bdz pat 800 stund\u0101m! Baobab uzsver dabisku materi\u0101lu izmanto\u0161anas noz\u012bm\u012bgumu un roku darba v\u0113rt\u012bbu, t\u0101p\u0113c gan sveces, kas rad\u012btas komplic\u0113t\u0101 lie\u0161anas proces\u0101, gan ar\u012b to stikla ietvari ir unik\u0101li un nekait\u0113 ne dabai, ne cilv\u0113kam.<br \/>\n<\/span><\/p>\n","protected":false},"excerpt":{"rendered":"<p><img loading=\"lazy\" decoding=\"async\" class=\"alignnone wp-image-71172\" src=\"https:\/\/www.xcelsiorselection.com\/wp-content\/uploads\/2018\/12\/Baobab-logo-1.jpg\" alt=\"\" width=\"139\" height=\"156\" \/><br \/>\nRa\u017eot\u0101js: Baobab<br \/>\nIzm\u0113rs: 22 cm<\/p>\n","protected":false},"featured_media":71167,"comment_status":"closed","ping_status":"closed","template":"","meta":[],"_links":{"self":[{"href":"https:\/\/www.xcelsiorselection.com\/lv\/wp-json\/wp\/v2\/product\/71175\/"}],"collection":[{"href":"https:\/\/www.xcelsiorselection.com\/lv\/wp-json\/wp\/v2\/product\/"}],"about":[{"href":"https:\/\/www.xcelsiorselection.com\/lv\/wp-json\/wp\/v2\/types\/product\/"}],"replies":[{"embeddable":true,"href":"https:\/\/www.xcelsiorselection.com\/lv\/wp-json\/wp\/v2\/comments\/?post=71175"}],"wp:featuredmedia":[{"embeddable":true,"href":"https:\/\/www.xcelsiorselection.com\/lv\/wp-json\/wp\/v2\/media\/71167\/"}],"wp:attachment":[{"href":"https:\/\/www.xcelsiorselection.com\/lv\/wp-json\/wp\/v2\/media\/?parent=71175"}],"curies":[{"name":"wp","href":"https:\/\/api.w.org\/{rel}","templated":true}]}}