

{"id":71241,"date":"2018-12-12T23:58:11","date_gmt":"2018-12-12T21:58:11","guid":{"rendered":"https:\/\/www.xcelsiorselection.com\/product\/encre-de-chine-candles\/"},"modified":"2018-12-13T00:14:30","modified_gmt":"2018-12-12T22:14:30","slug":"encre-de-chine-candles","status":"publish","type":"product","link":"https:\/\/www.xcelsiorselection.com\/lv\/product\/encre-de-chine-candles\/","title":{"rendered":"Encre de Chine Sveces"},"content":{"rendered":"<p>\u0136\u012bnie\u0161u tinte jau sen ir presti\u017es un unik\u0101ls materi\u0101ls, kas k\u013c\u016bst v\u0113l pievilc\u012bg\u0101ks, d\u0113\u013c nosl\u0113pumiem, kuri ieskauj sen\u010du recepti. M\u0101kslinieku un filozofu apbr\u012bnots, tas ir materi\u0101ls, kas bie\u017ei tiek attiecin\u0101ts uz kaligr\u0101fiju, jo t\u0101 intens\u012bvi melnais tonis iez\u012bm\u0113 virsmu notur\u012bgi. Izteiktu koksnes smar\u017eu, Encre de Chine, rada sandalkoks un vetiv\u0113rijs, kas l\u012bdzin\u0101s d\u016bmu arom\u0101tam. \u0160is smar\u017eu apvienojumus atmodina izt\u0113li ar nosl\u0113pumain\u0101m un me\u017eon\u012bg\u0101m ainav\u0101m.<\/p>\n<p><span class=\"tlid-translation translation\"><span title=\"\">Mode\u013cu specifik\u0101cijas:<\/span><\/span><\/p>\n<p><span class=\"\" title=\"\">Max10 \u2013 augstums: 10 cm svars: 0,5 kg deg\u0161anas ilgums: 60 h, 4 deg\u013ci<\/span><br \/>\n<span class=\"\" title=\"\">Max16 \u2013 augstums: 16 cm svars: 1 kg deg\u0161anas ilgums: 150 h, <\/span><span class=\"\" title=\"\">4 deg\u013ci<\/span><br \/>\n<span class=\"\" title=\"\">Max24 \u2013 augstums: 24 cm svars: 3 kg deg\u0161anas ilgums: 400 h, 5 deg\u013ci<\/span><\/p>\n<p><span class=\"pretty-seo-banner__content-text-partition hidden-xs hidden-sm hidden-md pretty-seo-banner__content-text-partition--desktop\">Izveidota Tanz\u0101nij\u0101 2002. gad\u0101, komp\u0101nija Baobab rada sveces un dif\u016bzerus, kas ir paz\u012bstami ar to izm\u0113ru un dizainu. Atkl\u0101jiet sveces un dif\u016bzerus, ko iedvesmoju\u0161as t\u0101las zemes un savva\u013cas daba. Baobab kolekcijas produkti lieliski papildin\u0101s katru interjeru, liel\u0101k\u0101 \u0161\u012bs produkcijas svece izgaismos j\u016bsu m\u0101ju un rad\u012bs pat\u012bkamu arom\u0101tu l\u012bdz pat 800 stund\u0101m! Baobab uzsver dabisku materi\u0101lu izmanto\u0161anas noz\u012bm\u012bgumu un roku darba v\u0113rt\u012bbu, t\u0101p\u0113c gan sveces, kas rad\u012btas komplic\u0113t\u0101 lie\u0161anas proces\u0101, gan ar\u012b to stikla ietvari ir unik\u0101li un nekait\u0113 ne dabai, ne cilv\u0113kam.<\/span><br \/>\nMelna lenta ar z\u012bmola logo tiek pievienota katrai svecei, pirms t\u0101 tiek iesai\u0146ota elegant\u0101 kast\u0113. Lieliska ideja d\u0101vanai!<\/p>\n<p>&nbsp;<\/p>\n","protected":false},"excerpt":{"rendered":"<p><img loading=\"lazy\" decoding=\"async\" class=\"alignnone wp-image-71172\" src=\"https:\/\/www.xcelsiorselection.com\/wp-content\/uploads\/2018\/12\/Baobab-logo-1.jpg\" alt=\"\" width=\"139\" height=\"156\" \/><br \/>\nRa\u017eot\u0101js: Baobab<br \/>\nSmar\u017ea: <span class=\"tlid-translation translation\"><span class=\"\" title=\"\">simtgad\u012bga koksne &#8211; jasm\u012bns<\/span><\/span><br \/>\nIzm\u0113rs: max10, max16, max24<br \/>\nL\u016bdzu, skatiet katra mode\u013ca<br \/>\nspecifik\u0101cijas aprakst\u0101 zem\u0101k<\/p>\n","protected":false},"featured_media":90763,"comment_status":"closed","ping_status":"closed","template":"","meta":[],"_links":{"self":[{"href":"https:\/\/www.xcelsiorselection.com\/lv\/wp-json\/wp\/v2\/product\/71241\/"}],"collection":[{"href":"https:\/\/www.xcelsiorselection.com\/lv\/wp-json\/wp\/v2\/product\/"}],"about":[{"href":"https:\/\/www.xcelsiorselection.com\/lv\/wp-json\/wp\/v2\/types\/product\/"}],"replies":[{"embeddable":true,"href":"https:\/\/www.xcelsiorselection.com\/lv\/wp-json\/wp\/v2\/comments\/?post=71241"}],"wp:featuredmedia":[{"embeddable":true,"href":"https:\/\/www.xcelsiorselection.com\/lv\/wp-json\/wp\/v2\/media\/90763\/"}],"wp:attachment":[{"href":"https:\/\/www.xcelsiorselection.com\/lv\/wp-json\/wp\/v2\/media\/?parent=71241"}],"curies":[{"name":"wp","href":"https:\/\/api.w.org\/{rel}","templated":true}]}}