

{"id":71276,"date":"2018-12-13T00:33:10","date_gmt":"2018-12-12T22:33:10","guid":{"rendered":"https:\/\/www.xcelsiorselection.com\/product\/les-exclusives-aurum-candles\/"},"modified":"2018-12-13T00:41:32","modified_gmt":"2018-12-12T22:41:32","slug":"les-exclusives-aurum-candles","status":"publish","type":"product","link":"https:\/\/www.xcelsiorselection.com\/lv\/product\/les-exclusives-aurum-candles\/","title":{"rendered":"Les Exclusives Aurum Sveces"},"content":{"rendered":"<p><span class=\"tlid-translation translation\"><span class=\"\" title=\"\">Aurum ir izcils dzelten\u0101 zelta un zelta ro\u017eu mais\u012bjums, rotaslieta, kas piem\u0113rota interjeram.<\/span> <span class=\"\" title=\"\">Kad svece ir iedegta, t\u0101 atspogu\u013co spilgtu gaismu ar elegant\u0101m caursp\u012bd\u012bg\u0101m refleksij\u0101m.<\/span> <span class=\"\" title=\"\">Aurum maigais un ziedu arom\u0101ts ir smalka v\u0113rt\u012bg\u0101 jasm\u012bna un dievi\u0161\u0137\u0101 muskusa kombin\u0101cija.<\/span> <span class=\"\" title=\"\">Aizraujo\u0161a un fascin\u0113jo\u0161a, \u0161\u012b burv\u012bg\u0101 smar\u017ea rada pasauli, kur\u0101 viss ir sievi\u0161\u0137\u012bgs un delik\u0101ts.<\/span><\/span><\/p>\n<p><span class=\"tlid-translation translation\"><span title=\"\">Mode\u013cu specifik\u0101cijas:<\/span><\/span><\/p>\n<p><span class=\"\" title=\"\">Max10 \u2013 augstums: 10 cm svars: 0,5 kg deg\u0161anas ilgums: 60 h, 4 deg\u013ci<\/span><br \/>\n<span class=\"\" title=\"\">Max16 \u2013 augstums: 16 cm svars: 1 kg deg\u0161anas ilgums: 150 h, <\/span><span class=\"\" title=\"\">4 deg\u013ci<\/span><\/p>\n<p><span class=\"pretty-seo-banner__content-text-partition hidden-xs hidden-sm hidden-md pretty-seo-banner__content-text-partition--desktop\">Izveidota Tanz\u0101nij\u0101 2002. gad\u0101, komp\u0101nija Baobab rada sveces un dif\u016bzerus, kas ir paz\u012bstami ar to izm\u0113ru un dizainu. Atkl\u0101jiet sveces un dif\u016bzerus, ko iedvesmoju\u0161as t\u0101las zemes un savva\u013cas daba. Baobab kolekcijas produkti lieliski papildin\u0101s katru interjeru, liel\u0101k\u0101 \u0161\u012bs produkcijas svece izgaismos j\u016bsu m\u0101ju un rad\u012bs pat\u012bkamu arom\u0101tu l\u012bdz pat 800 stund\u0101m! Baobab uzsver dabisku materi\u0101lu izmanto\u0161anas noz\u012bm\u012bgumu un roku darba v\u0113rt\u012bbu, t\u0101p\u0113c gan sveces, kas rad\u012btas komplic\u0113t\u0101 lie\u0161anas proces\u0101, gan ar\u012b to stikla ietvari ir unik\u0101li un nekait\u0113 ne dabai, ne cilv\u0113kam.<\/span><br \/>\nMelna lenta ar z\u012bmola logo tiek pievienota katrai svecei, pirms t\u0101 tiek iesai\u0146ota elegant\u0101 kast\u0113. Lieliska ideja d\u0101vanai!<\/p>\n<p>&nbsp;<\/p>\n<p>&nbsp;<\/p>\n","protected":false},"excerpt":{"rendered":"<p><img loading=\"lazy\" decoding=\"async\" class=\"alignnone wp-image-71172\" src=\"https:\/\/www.xcelsiorselection.com\/wp-content\/uploads\/2018\/12\/Baobab-logo-1.jpg\" alt=\"\" width=\"139\" height=\"156\" \/><br \/>\nRa\u017eot\u0101js: Baobab<br \/>\nSmar\u017ea: <span class=\"tlid-translation translation\"><span class=\"\" title=\"\">jasm\u012bns &#8211; muskuss<\/span><\/span><br \/>\nIzm\u0113rs: max10, max16<br \/>\nL\u016bdzu, skatiet katra mode\u013ca<br \/>\nspecifik\u0101cijas aprakst\u0101 zem\u0101k<\/p>\n","protected":false},"featured_media":90754,"comment_status":"closed","ping_status":"closed","template":"","meta":[],"_links":{"self":[{"href":"https:\/\/www.xcelsiorselection.com\/lv\/wp-json\/wp\/v2\/product\/71276\/"}],"collection":[{"href":"https:\/\/www.xcelsiorselection.com\/lv\/wp-json\/wp\/v2\/product\/"}],"about":[{"href":"https:\/\/www.xcelsiorselection.com\/lv\/wp-json\/wp\/v2\/types\/product\/"}],"replies":[{"embeddable":true,"href":"https:\/\/www.xcelsiorselection.com\/lv\/wp-json\/wp\/v2\/comments\/?post=71276"}],"wp:featuredmedia":[{"embeddable":true,"href":"https:\/\/www.xcelsiorselection.com\/lv\/wp-json\/wp\/v2\/media\/90754\/"}],"wp:attachment":[{"href":"https:\/\/www.xcelsiorselection.com\/lv\/wp-json\/wp\/v2\/media\/?parent=71276"}],"curies":[{"name":"wp","href":"https:\/\/api.w.org\/{rel}","templated":true}]}}