

{"id":71425,"date":"2018-12-16T16:39:34","date_gmt":"2018-12-16T14:39:34","guid":{"rendered":"https:\/\/www.xcelsiorselection.com\/product\/trano-manala-candle\/"},"modified":"2018-12-16T16:46:34","modified_gmt":"2018-12-16T14:46:34","slug":"trano-manala-candle","status":"publish","type":"product","link":"https:\/\/www.xcelsiorselection.com\/lv\/product\/trano-manala-candle\/","title":{"rendered":"Trano &#8211; Manala Svece"},"content":{"rendered":"<p>Arom\u0101tisk\u0101 svece Manala ir nosaukta p\u0113c Muzi d\u0113la, kas k\u013cuva par vienu no Ndebele cilts gar\u012bgajiem l\u012bderiem. \u0160\u012b svece, kas ir tambor\u0113ta rafijas groz\u0101 ar melnu, smil\u0161kr\u0101sas un daudzkr\u0101sainu lentu, ir tipiska m\u016bsdienu Ndebele m\u0101kslai. Svece b\u016bs spilgts interjera objekts, kas noteikti piev\u0113rs\u012bs sev acu skatus. T\u0101s balto ziedu un s\u0101\u013co no\u0161u arom\u0101ts rad\u012bs piedz\u012bvojumu un sv\u0113tku pasauli.<\/p>\n<p><span class=\"pretty-seo-banner__content-text-partition hidden-xs hidden-sm hidden-md pretty-seo-banner__content-text-partition--desktop\">Izveidota Tanz\u0101nij\u0101 2002. gad\u0101, komp\u0101nija Baobab rada sveces un dif\u016bzerus, kas ir paz\u012bstami ar to izm\u0113ru un dizainu. Atkl\u0101jiet sveces un dif\u016bzerus, ko iedvesmoju\u0161as t\u0101las zemes un savva\u013cas daba. Baobab kolekcijas produkti lieliski papildin\u0101s katru interjeru, liel\u0101k\u0101 \u0161\u012bs produkcijas svece izgaismos j\u016bsu m\u0101ju un rad\u012bs pat\u012bkamu arom\u0101tu l\u012bdz pat 800 stund\u0101m! Baobab uzsver dabisku materi\u0101lu izmanto\u0161anas noz\u012bm\u012bgumu un roku darba v\u0113rt\u012bbu, t\u0101p\u0113c gan sveces, kas rad\u012btas komplic\u0113t\u0101 lie\u0161anas proces\u0101, gan ar\u012b to stikla ietvari ir unik\u0101li un nekait\u0113 ne dabai, ne cilv\u0113kam.<\/span><br \/>\nMelna lenta ar z\u012bmola logo tiek pievienota katrai svecei, pirms t\u0101 tiek iesai\u0146ota elegant\u0101 kast\u0113. Lieliska ideja d\u0101vanai!<\/p>\n","protected":false},"excerpt":{"rendered":"<p><img loading=\"lazy\" decoding=\"async\" class=\"alignnone wp-image-71172\" src=\"https:\/\/www.xcelsiorselection.com\/wp-content\/uploads\/2018\/12\/Baobab-logo-1.jpg\" alt=\"\" width=\"139\" height=\"156\" \/><br \/>\nRa\u017eot\u0101js: Baobab<br \/>\nSmar\u017ea: ilang-ilangs &#8211; s\u0101ls zieds &#8211; orhideja<br \/>\nAugstums: 16 cm<br \/>\nSvars: 1kg<br \/>\nAptuvenais deg\u0161anas laiks: 150h<br \/>\n4 deg\u013ci<\/p>\n","protected":false},"featured_media":71420,"comment_status":"closed","ping_status":"closed","template":"","meta":[],"_links":{"self":[{"href":"https:\/\/www.xcelsiorselection.com\/lv\/wp-json\/wp\/v2\/product\/71425\/"}],"collection":[{"href":"https:\/\/www.xcelsiorselection.com\/lv\/wp-json\/wp\/v2\/product\/"}],"about":[{"href":"https:\/\/www.xcelsiorselection.com\/lv\/wp-json\/wp\/v2\/types\/product\/"}],"replies":[{"embeddable":true,"href":"https:\/\/www.xcelsiorselection.com\/lv\/wp-json\/wp\/v2\/comments\/?post=71425"}],"wp:featuredmedia":[{"embeddable":true,"href":"https:\/\/www.xcelsiorselection.com\/lv\/wp-json\/wp\/v2\/media\/71420\/"}],"wp:attachment":[{"href":"https:\/\/www.xcelsiorselection.com\/lv\/wp-json\/wp\/v2\/media\/?parent=71425"}],"curies":[{"name":"wp","href":"https:\/\/api.w.org\/{rel}","templated":true}]}}