

{"id":71467,"date":"2018-12-18T12:31:29","date_gmt":"2018-12-18T10:31:29","guid":{"rendered":"https:\/\/www.xcelsiorselection.com\/product\/platinum-spray\/"},"modified":"2018-12-18T12:33:35","modified_gmt":"2018-12-18T10:33:35","slug":"platinum-spray","status":"publish","type":"product","link":"https:\/\/www.xcelsiorselection.com\/lv\/product\/platinum-spray\/","title":{"rendered":"Platinum Aerosols"},"content":{"rendered":"<p>Plat\u012bns ir izsmalcin\u0101t\u012bbas esence. Iedvesmojoties no ret\u0101k\u0101 met\u0101la uz Zemes, rad\u012bts dizains, kur sudraba balt\u0101 kr\u0101sa nodro\u0161ina izcili skaidru mirdzumu. Dzintara un muskusa smar\u017eas, kas atrodas Platinum smar\u017eas centr\u0101, padara sveces dedzin\u0101\u0161anu par izsmalcin\u0101tu pieredzi. \u0160is sajaukums tiek bag\u0101tin\u0101ts ar greipfr\u016bta ekstraktu, kas rada cik elegantu, tik v\u012bri\u0161\u0137\u012bgi sp\u0113c\u012bgu atmosf\u0113ru.<\/p>\n<p><span class=\"pretty-seo-banner__content-text-partition hidden-xs hidden-sm hidden-md pretty-seo-banner__content-text-partition--desktop\">Izveidota Tanz\u0101nij\u0101 2002. gad\u0101, komp\u0101nija Baobab rada sveces un dif\u016bzerus, kas ir paz\u012bstami ar to izm\u0113ru un dizainu. Atkl\u0101jiet sveces un dif\u016bzerus, ko iedvesmoju\u0161as t\u0101las zemes un savva\u013cas daba. Baobab kolekcijas produkti lieliski papildin\u0101s katru interjeru, liel\u0101k\u0101 \u0161\u012bs produkcijas svece izgaismos j\u016bsu m\u0101ju un rad\u012bs pat\u012bkamu arom\u0101tu l\u012bdz pat 800 stund\u0101m! Baobab uzsver dabisku materi\u0101lu izmanto\u0161anas noz\u012bm\u012bgumu un roku darba v\u0113rt\u012bbu, t\u0101p\u0113c gan sveces, kas rad\u012btas komplic\u0113t\u0101 lie\u0161anas proces\u0101, gan ar\u012b to stikla ietvari ir unik\u0101li un nekait\u0113 ne dabai, ne cilv\u0113kam.<\/span><\/p>\n","protected":false},"excerpt":{"rendered":"<p><img loading=\"lazy\" decoding=\"async\" class=\"alignnone wp-image-71172\" src=\"https:\/\/www.xcelsiorselection.com\/wp-content\/uploads\/2018\/12\/Baobab-logo-1.jpg\" alt=\"\" width=\"139\" height=\"156\" \/><br \/>\nRa\u017eot\u0101js: Baobab<br \/>\nSmar\u017ea: dzintars \u2013 greipfr\u016bts<br \/>\nIzm\u0113rs: 30ml<\/p>\n","protected":false},"featured_media":71455,"comment_status":"closed","ping_status":"closed","template":"","meta":[],"_links":{"self":[{"href":"https:\/\/www.xcelsiorselection.com\/lv\/wp-json\/wp\/v2\/product\/71467\/"}],"collection":[{"href":"https:\/\/www.xcelsiorselection.com\/lv\/wp-json\/wp\/v2\/product\/"}],"about":[{"href":"https:\/\/www.xcelsiorselection.com\/lv\/wp-json\/wp\/v2\/types\/product\/"}],"replies":[{"embeddable":true,"href":"https:\/\/www.xcelsiorselection.com\/lv\/wp-json\/wp\/v2\/comments\/?post=71467"}],"wp:featuredmedia":[{"embeddable":true,"href":"https:\/\/www.xcelsiorselection.com\/lv\/wp-json\/wp\/v2\/media\/71455\/"}],"wp:attachment":[{"href":"https:\/\/www.xcelsiorselection.com\/lv\/wp-json\/wp\/v2\/media\/?parent=71467"}],"curies":[{"name":"wp","href":"https:\/\/api.w.org\/{rel}","templated":true}]}}