

{"id":71473,"date":"2018-12-18T17:08:06","date_gmt":"2018-12-18T15:08:06","guid":{"rendered":"https:\/\/www.xcelsiorselection.com\/product\/white-rhino-diffuser\/"},"modified":"2018-12-18T17:12:09","modified_gmt":"2018-12-18T15:12:09","slug":"white-rhino-diffuser","status":"publish","type":"product","link":"https:\/\/www.xcelsiorselection.com\/lv\/product\/white-rhino-diffuser\/","title":{"rendered":"White Rhino Dif\u016bzeris"},"content":{"rendered":"<div class=\"large-12 columns\">\n<div id=\"primary\" class=\"content-area\">\n<div id=\"product-71460\" class=\"post-71460 product type-product status-publish has-post-thumbnail product_cat-accessories product_cat-gifts product_tag-accessories-2 product_tag-gift product_shipping_class-1kg pa_manufacturer-baobab first instock taxable shipping-taxable purchasable product-type-simple\">\n<div class=\"row\">\n<div class=\"large-12 columns\">\n<div class=\"product-details\">\n<div class=\"row\">\n<div class=\"large-12 columns \">\n<div class=\"tabbed-content woocommerce-tabs\">\n<div id=\"tab-description\" class=\"panel entry-content\">\n<div id=\"tab-description\" class=\"panel entry-content\">\n<p>Baltais degunradzis, \u0100frikas \u0161\u0137irne uz izzu\u0161anas sliek\u0161\u0146a, ir viens no dz\u012bvniekiem, kurus mednieki visbie\u017e\u0101k sag\u016bst\u012bja d\u0113\u013c to v\u0113rt\u012bgajiem ragiem. Degunrad\u017ei ir paz\u012bstami ar savu neticamo smar\u017eas uztveri, kas \u013cauj tiem orient\u0113ties un mekl\u0113t svaigu z\u0101li.<br \/>\nSmalks sandalkoka, vetiv\u0113rija un gar\u0161vielu mais\u012bjums ir pamat\u0101 White Rhino smar\u017eai, kas ir zemsird\u012bga siltuma un nosl\u0113puma kombin\u0101cija. \u0160is jaud\u012bgais arom\u0101ts, rets un v\u012bri\u0161\u0137\u012bgs, ir tikpat kr\u0101\u0161\u0146s k\u0101 dz\u012bvnieks, kas to iedvesmoja.<\/p>\n<div class=\"large-12 columns \">\n<div class=\"tabbed-content woocommerce-tabs\">\n<div id=\"tab-description\" class=\"panel entry-content\">\n<p><span class=\"pretty-seo-banner__content-text-partition hidden-xs hidden-sm hidden-md pretty-seo-banner__content-text-partition--desktop\">Izveidota Tanz\u0101nij\u0101 2002. gad\u0101, komp\u0101nija Baobab rada sveces un dif\u016bzerus, kas ir paz\u012bstami ar to izm\u0113ru un dizainu. Atkl\u0101jiet sveces un dif\u016bzerus, ko iedvesmoju\u0161as t\u0101las zemes un savva\u013cas daba. Baobab kolekcijas produkti lieliski papildin\u0101s katru interjeru, liel\u0101k\u0101 \u0161\u012bs produkcijas svece izgaismos j\u016bsu m\u0101ju un rad\u012bs pat\u012bkamu arom\u0101tu l\u012bdz pat 800 stund\u0101m! Baobab uzsver dabisku materi\u0101lu izmanto\u0161anas noz\u012bm\u012bgumu un roku darba v\u0113rt\u012bbu, t\u0101p\u0113c gan sveces, kas rad\u012btas komplic\u0113t\u0101 lie\u0161anas proces\u0101, gan ar\u012b to stikla ietvari ir unik\u0101li un nekait\u0113 ne dabai, ne cilv\u0113kam.<\/span><\/p>\n<\/div>\n<\/div>\n<\/div>\n<\/div>\n<p><span class=\"pretty-seo-banner__content-text-partition hidden-xs hidden-sm hidden-md pretty-seo-banner__content-text-partition--desktop\">\u00a0<\/span><\/p>\n<\/div>\n<\/div>\n<\/div>\n<\/div>\n<\/div>\n<\/div>\n<\/div>\n<\/div>\n<\/div>\n<\/div>\n","protected":false},"excerpt":{"rendered":"<p><img loading=\"lazy\" decoding=\"async\" class=\"alignnone wp-image-71172\" src=\"https:\/\/www.xcelsiorselection.com\/wp-content\/uploads\/2018\/12\/Baobab-logo-1.jpg\" alt=\"\" width=\"139\" height=\"156\" \/><br \/>\nRa\u017eot\u0101js: Baobab<br \/>\nSmar\u017ea: <span class=\"tlid-translation translation\"><span class=\"\" title=\"\">sandalkoks \u2013 vetiv\u0113rijs<\/span><\/span><br \/>\nIzm\u0113rs: 19 cm | 500 ml<\/p>\n","protected":false},"featured_media":71471,"comment_status":"closed","ping_status":"closed","template":"","meta":[],"_links":{"self":[{"href":"https:\/\/www.xcelsiorselection.com\/lv\/wp-json\/wp\/v2\/product\/71473\/"}],"collection":[{"href":"https:\/\/www.xcelsiorselection.com\/lv\/wp-json\/wp\/v2\/product\/"}],"about":[{"href":"https:\/\/www.xcelsiorselection.com\/lv\/wp-json\/wp\/v2\/types\/product\/"}],"replies":[{"embeddable":true,"href":"https:\/\/www.xcelsiorselection.com\/lv\/wp-json\/wp\/v2\/comments\/?post=71473"}],"wp:featuredmedia":[{"embeddable":true,"href":"https:\/\/www.xcelsiorselection.com\/lv\/wp-json\/wp\/v2\/media\/71471\/"}],"wp:attachment":[{"href":"https:\/\/www.xcelsiorselection.com\/lv\/wp-json\/wp\/v2\/media\/?parent=71473"}],"curies":[{"name":"wp","href":"https:\/\/api.w.org\/{rel}","templated":true}]}}