

{"id":71527,"date":"2018-12-24T20:32:56","date_gmt":"2018-12-24T18:32:56","guid":{"rendered":"https:\/\/www.xcelsiorselection.com\/product\/cuir-de-russie-diffuser\/"},"modified":"2018-12-24T20:39:37","modified_gmt":"2018-12-24T18:39:37","slug":"cuir-de-russie-diffuser","status":"publish","type":"product","link":"https:\/\/www.xcelsiorselection.com\/lv\/product\/cuir-de-russie-diffuser\/","title":{"rendered":"Cuir de Russie Dif\u016bzeris"},"content":{"rendered":"<div id=\"tab-description\" class=\"panel entry-content\">\n<div id=\"tab-description\" class=\"panel entry-content\">\n<p>Saska\u0146\u0101 ar le\u0123endu, krievu \u0101da par\u0101d\u012bjusies caru laik\u0101. Braucot cauri Krievijas bezgal\u012bgajiem step\u0113m, kazaku karav\u012brs nakt\u012b pulc\u0113j\u0101s kop\u0101 ar saviem kol\u0113\u0123iem \u2013 brauc\u0113jiem. Tad vi\u0146\u0161 n\u0101ca klaj\u0101 ar domu, ka vi\u0146a \u0101das z\u0101bakus vajadz\u0113tu noberzt ar b\u0113rzu mizu, lai padar\u012btu tos \u016bdensnecaurlaid\u012bgus. \u0160\u012b darb\u012bba izklied\u0113ja neparasto smar\u017eu, kas nekav\u0113joties apb\u016bra visus brauc\u0113jus.<br \/>\nVetiv\u0113rija un s\u016bnu smar\u017eu sajaukums, ko pastiprina ar muskusa notis \u2013 Cuir de Russie smar\u017ea atsauc atmi\u0146\u0101 ugunskuru, kur\u0161 rada pat\u012bkami siltu noska\u0146u.<\/p>\n<div class=\"large-12 columns \">\n<div class=\"tabbed-content woocommerce-tabs\">\n<div id=\"tab-description\" class=\"panel entry-content\">\n<p><span class=\"pretty-seo-banner__content-text-partition hidden-xs hidden-sm hidden-md pretty-seo-banner__content-text-partition--desktop\">Izveidota Tanz\u0101nij\u0101 2002. gad\u0101, komp\u0101nija Baobab rada sveces un dif\u016bzerus, kas ir paz\u012bstami ar to izm\u0113ru un dizainu. Atkl\u0101jiet sveces un dif\u016bzerus, ko iedvesmoju\u0161as t\u0101las zemes un savva\u013cas daba. Baobab kolekcijas produkti lieliski papildin\u0101s katru interjeru, liel\u0101k\u0101 \u0161\u012bs produkcijas svece izgaismos j\u016bsu m\u0101ju un rad\u012bs pat\u012bkamu arom\u0101tu l\u012bdz pat 800 stund\u0101m! Baobab uzsver dabisku materi\u0101lu izmanto\u0161anas noz\u012bm\u012bgumu un roku darba v\u0113rt\u012bbu, t\u0101p\u0113c gan sveces, kas rad\u012btas komplic\u0113t\u0101 lie\u0161anas proces\u0101, gan ar\u012b to stikla ietvari ir unik\u0101li un nekait\u0113 ne dabai, ne cilv\u0113kam.<\/span><\/p>\n<\/div>\n<\/div>\n<\/div>\n<\/div>\n<\/div>\n","protected":false},"excerpt":{"rendered":"<p><img loading=\"lazy\" decoding=\"async\" class=\"alignnone wp-image-71172\" src=\"https:\/\/www.xcelsiorselection.com\/wp-content\/uploads\/2018\/12\/Baobab-logo-1.jpg\" alt=\"\" width=\"139\" height=\"156\" \/><br \/>\nRa\u017eot\u0101js: Baobab<br \/>\nSmar\u017ea: <span class=\"tlid-translation translation\"><span class=\"\" title=\"\">muskuss \u2013 \u0101da<\/span><\/span><br \/>\nIzm\u0113rs: 19 cm | 500 ml<\/p>\n","protected":false},"featured_media":71525,"comment_status":"closed","ping_status":"closed","template":"","meta":[],"_links":{"self":[{"href":"https:\/\/www.xcelsiorselection.com\/lv\/wp-json\/wp\/v2\/product\/71527\/"}],"collection":[{"href":"https:\/\/www.xcelsiorselection.com\/lv\/wp-json\/wp\/v2\/product\/"}],"about":[{"href":"https:\/\/www.xcelsiorselection.com\/lv\/wp-json\/wp\/v2\/types\/product\/"}],"replies":[{"embeddable":true,"href":"https:\/\/www.xcelsiorselection.com\/lv\/wp-json\/wp\/v2\/comments\/?post=71527"}],"wp:featuredmedia":[{"embeddable":true,"href":"https:\/\/www.xcelsiorselection.com\/lv\/wp-json\/wp\/v2\/media\/71525\/"}],"wp:attachment":[{"href":"https:\/\/www.xcelsiorselection.com\/lv\/wp-json\/wp\/v2\/media\/?parent=71527"}],"curies":[{"name":"wp","href":"https:\/\/api.w.org\/{rel}","templated":true}]}}