

{"id":71809,"date":"2019-01-12T17:00:35","date_gmt":"2019-01-12T15:00:35","guid":{"rendered":"https:\/\/www.xcelsiorselection.com\/product\/ridged-clear-glass-vase\/"},"modified":"2019-01-12T17:27:13","modified_gmt":"2019-01-12T15:27:13","slug":"ridged-clear-glass-vase","status":"publish","type":"product","link":"https:\/\/www.xcelsiorselection.com\/lv\/product\/ridged-clear-glass-vase\/","title":{"rendered":"Rievota v\u0101ze"},"content":{"rendered":"<p>Pievienojiet dekorat\u012bvu piesk\u0101rienu savai m\u0101jai ar \u0161o rievoto v\u0101zi no Bloomingville. Izgatavota no stikla, \u0161\u012b v\u0101ze ir veidota ar struktur\u0113tu reljefu d\u016bmu pel\u0113k\u0101 nokr\u0101s\u0101. Apvienojiet \u0161o v\u0101zi ar citiem Bloomingville m\u0101jas piederumiem, lai izveidotu modernu interjeru.<\/p>\n<p>Komp\u0101nija Bloomingville dibin\u0101ta 2000. gad\u0101 D\u0101nij\u0101. Bloomingville atspogu\u013co m\u012blest\u012bbu pret Zieme\u013cvalstu dizainu un dz\u012bvesveidu. Pateicoties lieliskai kvalit\u0101tei un sapr\u0101t\u012bg\u0101m cen\u0101m, Bloomingville pied\u0101v\u0101 da\u017e\u0101das kr\u016bzes, \u0161\u0137\u012bvjus, kr\u0113slus un pakl\u0101jus, kuru dizains dzi\u013ci iesak\u0146ojies slavenaj\u0101 d\u0101\u0146u est\u0113tiskaj\u0101 trad\u012bcij\u0101. Bloomingville m\u0113r\u0137is ir m\u016bsdienu m\u0101j\u0101s rad\u012bt jaunu dz\u012bvi un mazus p\u0101rsteigumus.<\/p>\n","protected":false},"excerpt":{"rendered":"<p><img loading=\"lazy\" decoding=\"async\" class=\"alignnone wp-image-71800\" src=\"https:\/\/www.xcelsiorselection.com\/wp-content\/uploads\/2019\/01\/bloomingville.png\" alt=\"\" width=\"202\" height=\"36\" \/><br \/>\nRa\u017eot\u0101js: Bloomingville<br \/>\nMateri\u0101ls: stikls<br \/>\nKr\u0101sa: pel\u0113ka<br \/>\nIzm\u0113rs: \u00d818,5 x 26 cm<\/p>\n","protected":false},"featured_media":71804,"comment_status":"closed","ping_status":"closed","template":"","meta":[],"_links":{"self":[{"href":"https:\/\/www.xcelsiorselection.com\/lv\/wp-json\/wp\/v2\/product\/71809\/"}],"collection":[{"href":"https:\/\/www.xcelsiorselection.com\/lv\/wp-json\/wp\/v2\/product\/"}],"about":[{"href":"https:\/\/www.xcelsiorselection.com\/lv\/wp-json\/wp\/v2\/types\/product\/"}],"replies":[{"embeddable":true,"href":"https:\/\/www.xcelsiorselection.com\/lv\/wp-json\/wp\/v2\/comments\/?post=71809"}],"wp:featuredmedia":[{"embeddable":true,"href":"https:\/\/www.xcelsiorselection.com\/lv\/wp-json\/wp\/v2\/media\/71804\/"}],"wp:attachment":[{"href":"https:\/\/www.xcelsiorselection.com\/lv\/wp-json\/wp\/v2\/media\/?parent=71809"}],"curies":[{"name":"wp","href":"https:\/\/api.w.org\/{rel}","templated":true}]}}