

{"id":71843,"date":"2019-01-12T19:50:32","date_gmt":"2019-01-12T17:50:32","guid":{"rendered":"https:\/\/www.xcelsiorselection.com\/product\/glass-vase-green\/"},"modified":"2019-01-12T20:05:41","modified_gmt":"2019-01-12T18:05:41","slug":"glass-vase-green","status":"publish","type":"product","link":"https:\/\/www.xcelsiorselection.com\/lv\/product\/glass-vase-green\/","title":{"rendered":"Stikla v\u0101ze, za\u013ca"},"content":{"rendered":"<p>M\u016bsdienu skandin\u0101vu stilu sav\u0101s m\u0101j\u0101s jums pal\u012bdz\u0113s ieviest stikla v\u0101ze no Bloomingville. V\u0101zei ir eleganti za\u013c\u0161 tonis, kas ir ide\u0101li piem\u0113rots, lai to piepild\u012btu ar ziediem, un papildin\u0101tu interjeru. Apvienojiet \u0161o v\u0101zi ar citiem Bloomingville m\u0101jas piederumiem, lai izveidotu modernu interjeru.<\/p>\n<p><span class=\"pretty-seo-banner__content-text-partition hidden-xs hidden-sm hidden-md pretty-seo-banner__content-text-partition--desktop\">Komp\u0101nija Bloomingville dibin\u0101ta 2000. gad\u0101 D\u0101nij\u0101. Bloomingville atspogu\u013co m\u012blest\u012bbu pret Zieme\u013cvalstu dizainu un dz\u012bvesveidu. Pateicoties lieliskai kvalit\u0101tei un sapr\u0101t\u012bg\u0101m cen\u0101m, Bloomingville pied\u0101v\u0101 da\u017e\u0101das kr\u016bzes, \u0161\u0137\u012bvjus, kr\u0113slus un pakl\u0101jus, kuru dizains dzi\u013ci iesak\u0146ojies slavenaj\u0101 d\u0101\u0146u est\u0113tiskaj\u0101 trad\u012bcij\u0101. Bloomingville m\u0113r\u0137is ir m\u016bsdienu m\u0101j\u0101s rad\u012bt jaunu dz\u012bvi un mazus p\u0101rsteigumus.<\/span><\/p>\n","protected":false},"excerpt":{"rendered":"<p><img loading=\"lazy\" decoding=\"async\" class=\"alignnone wp-image-71800\" src=\"https:\/\/www.xcelsiorselection.com\/wp-content\/uploads\/2019\/01\/bloomingville.png\" alt=\"\" width=\"202\" height=\"36\" \/><br \/>\nRa\u017eot\u0101js: Bloomingville<br \/>\nMateri\u0101ls: stikls<br \/>\nKr\u0101sa: za\u013ca<br \/>\nIzm\u0113rs: \u00d816 x 32 cm<\/p>\n","protected":false},"featured_media":71838,"comment_status":"closed","ping_status":"closed","template":"","meta":[],"_links":{"self":[{"href":"https:\/\/www.xcelsiorselection.com\/lv\/wp-json\/wp\/v2\/product\/71843\/"}],"collection":[{"href":"https:\/\/www.xcelsiorselection.com\/lv\/wp-json\/wp\/v2\/product\/"}],"about":[{"href":"https:\/\/www.xcelsiorselection.com\/lv\/wp-json\/wp\/v2\/types\/product\/"}],"replies":[{"embeddable":true,"href":"https:\/\/www.xcelsiorselection.com\/lv\/wp-json\/wp\/v2\/comments\/?post=71843"}],"wp:featuredmedia":[{"embeddable":true,"href":"https:\/\/www.xcelsiorselection.com\/lv\/wp-json\/wp\/v2\/media\/71838\/"}],"wp:attachment":[{"href":"https:\/\/www.xcelsiorselection.com\/lv\/wp-json\/wp\/v2\/media\/?parent=71843"}],"curies":[{"name":"wp","href":"https:\/\/api.w.org\/{rel}","templated":true}]}}