

{"id":72156,"date":"2019-02-05T11:29:52","date_gmt":"2019-02-05T09:29:52","guid":{"rendered":"https:\/\/www.xcelsiorselection.com\/?post_type=product&#038;p=72156"},"modified":"2019-02-05T12:01:56","modified_gmt":"2019-02-05T10:01:56","slug":"panton-chair-2-2","status":"publish","type":"product","link":"https:\/\/www.xcelsiorselection.com\/lv\/product\/panton-chair-2-2\/","title":{"rendered":"Panton kr\u0113sls"},"content":{"rendered":"<p>Panton kr\u0113sls ir neapstr\u012bdama klasika m\u0113be\u013cu dizain\u0101. \u0160o dizainu 1960.gad\u0101 rad\u012bja Verners Pantons, kur\u0161 1967.gad\u0101, sadarb\u012bb\u0101 ar Vitru, padar\u012bja kr\u0113slu pieejamu pla\u0161ai ra\u017eo\u0161anai. Panton kr\u0113sls ir \u012bpa\u0161s ar to, ka tas ir pirmais kr\u0113sls, kur\u0161 ir izliets no plastmasas vien\u0101 gabal\u0101. Kop\u0161 1999.gada kr\u0113sls ir pieejams ar Panton ori\u0123in\u0101lo dizainu, bet mat\u0113tu virsmu.<br \/>\nMateri\u0101ls: mat\u0113ts polipropil\u0113ns. Piem\u0113rots \u0101rtelp\u0101m.<\/p>\n","protected":false},"excerpt":{"rendered":"<p><img loading=\"lazy\" decoding=\"async\" src=\"http:\/\/www.xcelsiorselection.com\/wp-content\/uploads\/2016\/02\/vitra.jpg\" alt=\"vitra\" width=\"133\" height=\"43\" \/><\/p>\n<p>Ra\u017eot\u0101js: Vitra<br \/>\nDizains: Verner Panton, 1999<br \/>\nKr\u0101sa: melna, ledus pel\u0113ka, dzelteni-za\u013ca, klasiski sarkana, mandar\u012bns, balta<br \/>\nIzm\u0113rs: 50 x 61 x 83 cm<\/p>\n","protected":false},"featured_media":72186,"comment_status":"closed","ping_status":"closed","template":"","meta":[],"_links":{"self":[{"href":"https:\/\/www.xcelsiorselection.com\/lv\/wp-json\/wp\/v2\/product\/72156\/"}],"collection":[{"href":"https:\/\/www.xcelsiorselection.com\/lv\/wp-json\/wp\/v2\/product\/"}],"about":[{"href":"https:\/\/www.xcelsiorselection.com\/lv\/wp-json\/wp\/v2\/types\/product\/"}],"replies":[{"embeddable":true,"href":"https:\/\/www.xcelsiorselection.com\/lv\/wp-json\/wp\/v2\/comments\/?post=72156"}],"wp:featuredmedia":[{"embeddable":true,"href":"https:\/\/www.xcelsiorselection.com\/lv\/wp-json\/wp\/v2\/media\/72186\/"}],"wp:attachment":[{"href":"https:\/\/www.xcelsiorselection.com\/lv\/wp-json\/wp\/v2\/media\/?parent=72156"}],"curies":[{"name":"wp","href":"https:\/\/api.w.org\/{rel}","templated":true}]}}