

{"id":72267,"date":"2019-02-06T11:44:11","date_gmt":"2019-02-06T09:44:11","guid":{"rendered":"https:\/\/www.xcelsiorselection.com\/product\/cutting-board-small\/"},"modified":"2019-02-06T11:47:50","modified_gmt":"2019-02-06T09:47:50","slug":"cutting-board-small","status":"publish","type":"product","link":"https:\/\/www.xcelsiorselection.com\/lv\/product\/cutting-board-small\/","title":{"rendered":"Virtuves d\u0113l\u012btis, mazs"},"content":{"rendered":"<div id=\"tab-description\" class=\"panel entry-content\">\n<div id=\"tab-description\" class=\"panel entry-content\">\n<div id=\"tab-description\" class=\"panel entry-content\">\n<div id=\"tab-description\" class=\"panel entry-content\">\n<div id=\"tab-description\" class=\"panel entry-content\">\n<div id=\"tab-description\" class=\"panel entry-content\">\n<div id=\"tab-description\" class=\"panel entry-content\">\n<div id=\"tab-description\" class=\"panel entry-content\">\n<div id=\"tab-description\" class=\"panel entry-content\">\n<div id=\"tab-description\" class=\"panel entry-content\">\n<div id=\"tab-description\" class=\"panel entry-content\">\n<div id=\"tab-description\" class=\"panel entry-content\">\n<div id=\"tab-description\" class=\"panel entry-content\">\n<div id=\"tab-description\" class=\"panel entry-content\">\n<div id=\"tab-description\" class=\"panel entry-content\">\n<div id=\"tab-description\" class=\"panel entry-content\">\n<div id=\"tab-description\" class=\"panel entry-content\">\n<p><span class=\"pretty-seo-banner__content-text-partition hidden-xs hidden-sm hidden-md pretty-seo-banner__content-text-partition--desktop\">Komp\u0101nija Bloomingville dibin\u0101ta 2000. gad\u0101 D\u0101nij\u0101. Bloomingville atspogu\u013co m\u012blest\u012bbu pret Zieme\u013cvalstu dizainu un dz\u012bvesveidu. Pateicoties lieliskai kvalit\u0101tei un sapr\u0101t\u012bg\u0101m cen\u0101m, Bloomingville pied\u0101v\u0101 da\u017e\u0101das kr\u016bzes, \u0161\u0137\u012bvjus, kr\u0113slus un pakl\u0101jus, kuru dizains dzi\u013ci iesak\u0146ojies slavenaj\u0101 d\u0101\u0146u est\u0113tiskaj\u0101 trad\u012bcij\u0101. Bloomingville m\u0113r\u0137is ir m\u016bsdienu m\u0101j\u0101s rad\u012bt jaunu dz\u012bvi un mazus p\u0101rsteigumus.<\/span><\/p>\n<\/div>\n<\/div>\n<\/div>\n<\/div>\n<\/div>\n<\/div>\n<\/div>\n<\/div>\n<\/div>\n<\/div>\n<\/div>\n<\/div>\n<\/div>\n<\/div>\n<\/div>\n<\/div>\n<\/div>\n","protected":false},"excerpt":{"rendered":"<p><img loading=\"lazy\" decoding=\"async\" class=\"alignnone wp-image-71800\" src=\"https:\/\/www.xcelsiorselection.com\/wp-content\/uploads\/2019\/01\/bloomingville.png\" alt=\"\" width=\"202\" height=\"36\" \/><br \/>\nRa\u017eot\u0101js: Bloomingville<br \/>\nMateri\u0101ls: gumijas koks<br \/>\nKr\u0101sa: dab\u012bga<br \/>\nIzm\u0113rs: 33 x1,5 x 23 cm<\/p>\n","protected":false},"featured_media":72265,"comment_status":"closed","ping_status":"closed","template":"","meta":[],"_links":{"self":[{"href":"https:\/\/www.xcelsiorselection.com\/lv\/wp-json\/wp\/v2\/product\/72267\/"}],"collection":[{"href":"https:\/\/www.xcelsiorselection.com\/lv\/wp-json\/wp\/v2\/product\/"}],"about":[{"href":"https:\/\/www.xcelsiorselection.com\/lv\/wp-json\/wp\/v2\/types\/product\/"}],"replies":[{"embeddable":true,"href":"https:\/\/www.xcelsiorselection.com\/lv\/wp-json\/wp\/v2\/comments\/?post=72267"}],"wp:featuredmedia":[{"embeddable":true,"href":"https:\/\/www.xcelsiorselection.com\/lv\/wp-json\/wp\/v2\/media\/72265\/"}],"wp:attachment":[{"href":"https:\/\/www.xcelsiorselection.com\/lv\/wp-json\/wp\/v2\/media\/?parent=72267"}],"curies":[{"name":"wp","href":"https:\/\/api.w.org\/{rel}","templated":true}]}}