

{"id":72346,"date":"2019-02-07T10:19:31","date_gmt":"2019-02-07T08:19:31","guid":{"rendered":"https:\/\/www.xcelsiorselection.com\/product\/toolbox-2\/"},"modified":"2019-02-07T10:32:11","modified_gmt":"2019-02-07T08:32:11","slug":"toolbox-2","status":"publish","type":"product","link":"https:\/\/www.xcelsiorselection.com\/lv\/product\/toolbox-2\/","title":{"rendered":"Toolbox kaste organizators"},"content":{"rendered":"<p>Iepaz\u012bstin\u0101m ar jaun\u0101m kr\u0101s\u0101m: balta, piparm\u0113tru, mandar\u012bna, s\u016bnu pel\u0113ka, maigi roz\u0101, j\u016bras zila.<br \/>\nToolbox ir praktisks organizators. Uzglab\u0101 darba materi\u0101lus un piederumus vienk\u0101r\u0161i! Organizatoru var novietot uz galda, plaukta, rati\u0146iem vai jebkuras citas virsmas. Vienk\u0101r\u0161a lietu uzglab\u0101\u0161ana, viegla piek\u013cuve, \u0113trs rokturis p\u0101rn\u0113s\u0101\u0161anai.<\/p>\n","protected":false},"excerpt":{"rendered":"<p><img loading=\"lazy\" decoding=\"async\" src=\"http:\/\/www.xcelsiorselection.com\/wp-content\/uploads\/2016\/02\/vitra.jpg\" alt=\"vitra\" width=\"133\" height=\"43\" \/><br \/>\nRa\u017eot\u0101js: Vitra<br \/>\nDizains: Arik Levy, 2010<br \/>\nMateri\u0101ls: ABS plastmasa<br \/>\nIzm\u0113ri: 15,6 x 32,7 x 16,7 cm<br \/>\nKr\u0101sas: melna, \u0137ie\u0123e\u013cu, sinepju, pel\u0113ka, silti pel\u0113ka<br \/>\n(jaunums) balta, piparm\u0113tra, mandar\u012bns,s\u016bnu pel\u0113ka, maigi roz\u0101, zila<\/p>\n","protected":false},"featured_media":72315,"comment_status":"closed","ping_status":"closed","template":"","meta":[],"_links":{"self":[{"href":"https:\/\/www.xcelsiorselection.com\/lv\/wp-json\/wp\/v2\/product\/72346\/"}],"collection":[{"href":"https:\/\/www.xcelsiorselection.com\/lv\/wp-json\/wp\/v2\/product\/"}],"about":[{"href":"https:\/\/www.xcelsiorselection.com\/lv\/wp-json\/wp\/v2\/types\/product\/"}],"replies":[{"embeddable":true,"href":"https:\/\/www.xcelsiorselection.com\/lv\/wp-json\/wp\/v2\/comments\/?post=72346"}],"wp:featuredmedia":[{"embeddable":true,"href":"https:\/\/www.xcelsiorselection.com\/lv\/wp-json\/wp\/v2\/media\/72315\/"}],"wp:attachment":[{"href":"https:\/\/www.xcelsiorselection.com\/lv\/wp-json\/wp\/v2\/media\/?parent=72346"}],"curies":[{"name":"wp","href":"https:\/\/api.w.org\/{rel}","templated":true}]}}