

{"id":72390,"date":"2019-02-07T11:19:46","date_gmt":"2019-02-07T09:19:46","guid":{"rendered":"https:\/\/www.xcelsiorselection.com\/product\/resting-cat\/"},"modified":"2019-02-07T11:27:46","modified_gmt":"2019-02-07T09:27:46","slug":"resting-cat","status":"publish","type":"product","link":"https:\/\/www.xcelsiorselection.com\/lv\/product\/resting-cat\/","title":{"rendered":"Gu\u013co\u0161s ka\u0137is"},"content":{"rendered":"<p>Resting Animals (gu\u013co\u0161ie dz\u012bvnieki) ir nesen veikts Front dizaineru p\u0113t\u012bjums, kas v\u0113rsts uz cie\u0161o saikni starp cilv\u0113kiem un figurat\u012bviem objektiem. Dizaina duo l\u016bdza nejau\u0161i atlas\u012btiem cilv\u0113kiem atkl\u0101t emocion\u0101li noz\u012bm\u012bgus objektus sav\u0101 dz\u012bv\u0113. Liel\u0101k\u0101 da\u013ca atbil\u017eu ietv\u0113ra dz\u012bvnieku fig\u016bras. T\u0101s tiek uztvertas k\u0101 person\u012bbas, specifiski atrib\u016bti vai lietas, ar ko dal\u0101m kop\u012bgu v\u0113sturi.<\/p>\n","protected":false},"excerpt":{"rendered":"<p><img loading=\"lazy\" decoding=\"async\" src=\"http:\/\/www.xcelsiorselection.com\/wp-content\/uploads\/2016\/02\/vitra.jpg\" alt=\"vitra\" width=\"133\" height=\"43\" \/><br \/>\nRa\u017eot\u0101js: Vitra<br \/>\nDizains: Front, 2018<br \/>\nMateri\u0101ls: keramika<br \/>\nIzm\u0113ri: 34,3 x 26,4 x 14,9 cm<br \/>\nKr\u0101sa: balta<\/p>\n","protected":false},"featured_media":72382,"comment_status":"closed","ping_status":"closed","template":"","meta":[],"_links":{"self":[{"href":"https:\/\/www.xcelsiorselection.com\/lv\/wp-json\/wp\/v2\/product\/72390\/"}],"collection":[{"href":"https:\/\/www.xcelsiorselection.com\/lv\/wp-json\/wp\/v2\/product\/"}],"about":[{"href":"https:\/\/www.xcelsiorselection.com\/lv\/wp-json\/wp\/v2\/types\/product\/"}],"replies":[{"embeddable":true,"href":"https:\/\/www.xcelsiorselection.com\/lv\/wp-json\/wp\/v2\/comments\/?post=72390"}],"wp:featuredmedia":[{"embeddable":true,"href":"https:\/\/www.xcelsiorselection.com\/lv\/wp-json\/wp\/v2\/media\/72382\/"}],"wp:attachment":[{"href":"https:\/\/www.xcelsiorselection.com\/lv\/wp-json\/wp\/v2\/media\/?parent=72390"}],"curies":[{"name":"wp","href":"https:\/\/api.w.org\/{rel}","templated":true}]}}