

{"id":72471,"date":"2019-02-08T10:59:49","date_gmt":"2019-02-08T08:59:49","guid":{"rendered":"https:\/\/www.xcelsiorselection.com\/product\/wooden-doll-nr-15\/"},"modified":"2019-02-08T11:03:02","modified_gmt":"2019-02-08T09:03:02","slug":"wooden-doll-nr-15","status":"publish","type":"product","link":"https:\/\/www.xcelsiorselection.com\/lv\/product\/wooden-doll-nr-15\/","title":{"rendered":"Koka lelle Nr.15"},"content":{"rendered":"<p>Pa pusei dekor\u0101cijas, pa pusei rota\u013clietas, koka lelles no pla\u0161\u0101s kolekcijas rad\u012bjis dizainers Alexander Girard. Vi\u0146\u0161 t\u0101s s\u0101kotn\u0113ji rad\u012bja, lai dekor\u0113tu savu m\u0101jokli. Alexander Girard ir viens no p\u0113ckara ietekm\u012bgakajiem un popul\u0101r\u0101kajiem dizaineriem. Vi\u0146a fokuss bija tekstila dizains, kur\u0101 bie\u017ei vien iedvesmu rada popul\u0101raj\u0101 Dienvidamerikas, \u0100zijas un Austrumeiropas m\u0101ksl\u0101.<\/p>\n","protected":false},"excerpt":{"rendered":"<p><img loading=\"lazy\" decoding=\"async\" src=\"http:\/\/www.xcelsiorselection.com\/wp-content\/uploads\/2016\/02\/vitra.jpg\" alt=\"vitra\" width=\"133\" height=\"43\" \/><br \/>\nRa\u017eot\u0101js: Vitra<br \/>\nDizaineris: Alexander Girard, 1952<br \/>\nMateri\u0101ls: ar roku apgleznots prie\u017ekoks<br \/>\nIepakota koka kast\u0113 ar apdruku<br \/>\nIzm\u0113rs: 15 x 7 cm<\/p>\n","protected":false},"featured_media":72466,"comment_status":"closed","ping_status":"closed","template":"","meta":[],"_links":{"self":[{"href":"https:\/\/www.xcelsiorselection.com\/lv\/wp-json\/wp\/v2\/product\/72471\/"}],"collection":[{"href":"https:\/\/www.xcelsiorselection.com\/lv\/wp-json\/wp\/v2\/product\/"}],"about":[{"href":"https:\/\/www.xcelsiorselection.com\/lv\/wp-json\/wp\/v2\/types\/product\/"}],"replies":[{"embeddable":true,"href":"https:\/\/www.xcelsiorselection.com\/lv\/wp-json\/wp\/v2\/comments\/?post=72471"}],"wp:featuredmedia":[{"embeddable":true,"href":"https:\/\/www.xcelsiorselection.com\/lv\/wp-json\/wp\/v2\/media\/72466\/"}],"wp:attachment":[{"href":"https:\/\/www.xcelsiorselection.com\/lv\/wp-json\/wp\/v2\/media\/?parent=72471"}],"curies":[{"name":"wp","href":"https:\/\/api.w.org\/{rel}","templated":true}]}}