

{"id":72495,"date":"2019-02-09T10:54:44","date_gmt":"2019-02-09T08:54:44","guid":{"rendered":"https:\/\/www.xcelsiorselection.com\/product\/eames-house-bird-walnut\/"},"modified":"2019-02-09T10:58:16","modified_gmt":"2019-02-09T08:58:16","slug":"eames-house-bird-walnut","status":"publish","type":"product","link":"https:\/\/www.xcelsiorselection.com\/lv\/product\/eames-house-bird-walnut\/","title":{"rendered":"Eames putns, riekstkoka"},"content":{"rendered":"<p>Eames House bird ir noteikti viens no visu laiku slaven\u0101kajiem dizaina pasaules putniem. Lai ar\u012b nosaukts par godu superduetam Charles un Ray Eames, t\u0101 patiesais st\u0101ts s\u0101k\u0101s piln\u012bgi cit\u0101s m\u0101j\u0101s \u2013 Charles and Edna Perdew darbn\u012bc\u0101. Savulaik \u0161is laul\u0101tais p\u0101ris, nododot iero\u010du biznesu d\u0113la apg\u0101d\u012bb\u0101, piev\u0113rs\u0101s sirdslietai un uzs\u0101ka koka putnu izgatavo\u0161anu. \u0160\u0101di (ap 1910. gadu) ar\u012b tapa labi paz\u012bstamais meln\u0101 putna siluets. Tas s\u0101kotn\u0113ji bija paredz\u0113ts lieto\u0161anai med\u012bb\u0101s, ta\u010du laika gait\u0101 folkloriz\u0113j\u0101s un ce\u013cojuma suven\u012bra izskat\u0101 nok\u013cuva Charels un Ray Emes dz\u012bvojamaj\u0101 istab\u0101. Saimnieku \u2013 modernistu iecien\u012bts, \u0161is putns arvien bie\u017e\u0101k par\u0101d\u012bj\u0101s Eames nama interjera bild\u0113s un dizaineru projekt\u0113tu priek\u0161metu rekl\u0101mas att\u0113los, k\u013c\u016bstot par viz\u012btkarti gan slavenajiem \u012bpa\u0161niekiem, gan ne vienam vien spo\u017eam gadsimta vidus (un ne tikai) interjeram. No 2007. gada Eames House bird ra\u017eo\u0161ana ir Vitra z\u012bmola pasp\u0101rn\u0113.<\/p>\n","protected":false},"excerpt":{"rendered":"<p><img loading=\"lazy\" decoding=\"async\" src=\"http:\/\/www.xcelsiorselection.com\/wp-content\/uploads\/2016\/02\/vitra.jpg\" alt=\"vitra\" width=\"133\" height=\"43\" \/><br \/>\nRa\u017eot\u0101js: Vitra<br \/>\nMateri\u0101ls: bl\u012bvs koks<br \/>\nKr\u0101sa: riekstkoks<br \/>\nIzm\u0113rs: 27,8 x 8,5 x 27,6 cm<\/p>\n","protected":false},"featured_media":72490,"comment_status":"closed","ping_status":"closed","template":"","meta":[],"_links":{"self":[{"href":"https:\/\/www.xcelsiorselection.com\/lv\/wp-json\/wp\/v2\/product\/72495\/"}],"collection":[{"href":"https:\/\/www.xcelsiorselection.com\/lv\/wp-json\/wp\/v2\/product\/"}],"about":[{"href":"https:\/\/www.xcelsiorselection.com\/lv\/wp-json\/wp\/v2\/types\/product\/"}],"replies":[{"embeddable":true,"href":"https:\/\/www.xcelsiorselection.com\/lv\/wp-json\/wp\/v2\/comments\/?post=72495"}],"wp:featuredmedia":[{"embeddable":true,"href":"https:\/\/www.xcelsiorselection.com\/lv\/wp-json\/wp\/v2\/media\/72490\/"}],"wp:attachment":[{"href":"https:\/\/www.xcelsiorselection.com\/lv\/wp-json\/wp\/v2\/media\/?parent=72495"}],"curies":[{"name":"wp","href":"https:\/\/api.w.org\/{rel}","templated":true}]}}