

{"id":72634,"date":"2019-02-17T17:34:44","date_gmt":"2019-02-17T15:34:44","guid":{"rendered":"https:\/\/www.xcelsiorselection.com\/product\/zanzibar-spices-candle\/"},"modified":"2019-02-17T17:42:56","modified_gmt":"2019-02-17T15:42:56","slug":"zanzibar-spices-candle","status":"publish","type":"product","link":"https:\/\/www.xcelsiorselection.com\/lv\/product\/zanzibar-spices-candle\/","title":{"rendered":"Svece Zanzib\u0101ra gar\u0161vielas"},"content":{"rendered":"<p>Gadsimtiem ilgi Zanzibaras sala, kas atrodas pie Tanz\u0101nijas krastiem, ir bijusi svar\u012bga gar\u0161vielu tirdzniec\u012bbas da\u013ca. Eksotisk\u0101 sala pied\u0101v\u0101 neticami daudzveid\u012bgas kr\u0101sas un ainavas. Zanzib\u0101ra gar\u0161viel\u0101s ir pat\u012bkamu gar\u0161vielu mais\u012bjums, k\u0101 piem\u0113ram, kurkuma un kan\u0113lis &#8211; t\u016bl\u012bt\u0113js ce\u013cojums uz otru pasaules pusi.<\/p>\n<p><span class=\"pretty-seo-banner__content-text-partition hidden-xs hidden-sm hidden-md pretty-seo-banner__content-text-partition--desktop\">Izveidota Tanz\u0101nij\u0101 2002. gad\u0101, komp\u0101nija Baobab rada sveces un dif\u016bzerus, kas ir paz\u012bstami ar to izm\u0113ru un dizainu. Atkl\u0101jiet sveces un dif\u016bzerus, ko iedvesmoju\u0161as t\u0101las zemes un savva\u013cas daba. Baobab kolekcijas produkti lieliski papildin\u0101s katru interjeru, liel\u0101k\u0101 \u0161\u012bs produkcijas svece izgaismos j\u016bsu m\u0101ju un rad\u012bs pat\u012bkamu arom\u0101tu l\u012bdz pat 800 stund\u0101m! Baobab uzsver dabisku materi\u0101lu izmanto\u0161anas noz\u012bm\u012bgumu un roku darba v\u0113rt\u012bbu, t\u0101p\u0113c gan sveces, kas rad\u012btas komplic\u0113t\u0101 lie\u0161anas proces\u0101, gan ar\u012b to stikla ietvari ir unik\u0101li un nekait\u0113 ne dabai, ne cilv\u0113kam.<\/span><br \/>\nMelna lenta ar z\u012bmola logo tiek pievienota katrai svecei, pirms t\u0101 tiek iesai\u0146ota elegant\u0101 kast\u0113. Lieliska ideja d\u0101vanai!<\/p>\n","protected":false},"excerpt":{"rendered":"<p><img loading=\"lazy\" decoding=\"async\" class=\"alignnone wp-image-71172\" src=\"https:\/\/www.xcelsiorselection.com\/wp-content\/uploads\/2018\/12\/Baobab-logo-1.jpg\" alt=\"\" width=\"139\" height=\"156\" \/><br \/>\nRa\u017eot\u0101js: Baobab<br \/>\nSmar\u017ea: <span class=\"tlid-translation translation\"><span class=\"\" title=\"\">kan\u0113lis &#8211; kurkuma<\/span><\/span><br \/>\nAugstums: 10 cm<br \/>\nSvars: 0,5 kg<br \/>\nAptuvenais deg\u0161anas laiks: 60h<br \/>\n4 deg\u013ci<\/p>\n","protected":false},"featured_media":72632,"comment_status":"closed","ping_status":"closed","template":"","meta":[],"_links":{"self":[{"href":"https:\/\/www.xcelsiorselection.com\/lv\/wp-json\/wp\/v2\/product\/72634\/"}],"collection":[{"href":"https:\/\/www.xcelsiorselection.com\/lv\/wp-json\/wp\/v2\/product\/"}],"about":[{"href":"https:\/\/www.xcelsiorselection.com\/lv\/wp-json\/wp\/v2\/types\/product\/"}],"replies":[{"embeddable":true,"href":"https:\/\/www.xcelsiorselection.com\/lv\/wp-json\/wp\/v2\/comments\/?post=72634"}],"wp:featuredmedia":[{"embeddable":true,"href":"https:\/\/www.xcelsiorselection.com\/lv\/wp-json\/wp\/v2\/media\/72632\/"}],"wp:attachment":[{"href":"https:\/\/www.xcelsiorselection.com\/lv\/wp-json\/wp\/v2\/media\/?parent=72634"}],"curies":[{"name":"wp","href":"https:\/\/api.w.org\/{rel}","templated":true}]}}