

{"id":72645,"date":"2019-02-17T17:55:32","date_gmt":"2019-02-17T15:55:32","guid":{"rendered":"https:\/\/www.xcelsiorselection.com\/product\/madagascar-vanilla-candle\/"},"modified":"2019-02-17T18:02:09","modified_gmt":"2019-02-17T16:02:09","slug":"madagascar-vanilla-candle","status":"publish","type":"product","link":"https:\/\/www.xcelsiorselection.com\/lv\/product\/madagascar-vanilla-candle\/","title":{"rendered":"Svece Madagaskaras vani\u013ca"},"content":{"rendered":"<p>Madagaskaras sala, kas atrodas pie \u0100frikas krasta, jau izsenis ir noz\u012bm\u012bga Bourbona vani\u013cas ra\u017eot\u0101ja. Salas tropu klimats \u013cauj \u0161im br\u012bni\u0161\u0137\u012bgajam baltajam ziedam piln\u012bb\u0101 atkl\u0101t t\u0101s silto un bag\u0101to smar\u017eu un gar\u0161u. M\u012bkstais un saldais arom\u0101ts, kas saist\u0101s ar Madagaskaras vani\u013cu, ir tikpat silts k\u0101 dz\u012bv\u0101s salas iedz\u012bvot\u0101ji.<\/p>\n<div class=\"large-12 columns \">\n<div class=\"tabbed-content woocommerce-tabs\">\n<div id=\"tab-description\" class=\"panel entry-content\">\n<p><span class=\"pretty-seo-banner__content-text-partition hidden-xs hidden-sm hidden-md pretty-seo-banner__content-text-partition--desktop\">Izveidota Tanz\u0101nij\u0101 2002. gad\u0101, komp\u0101nija Baobab rada sveces un dif\u016bzerus, kas ir paz\u012bstami ar to izm\u0113ru un dizainu. Atkl\u0101jiet sveces un dif\u016bzerus, ko iedvesmoju\u0161as t\u0101las zemes un savva\u013cas daba. Baobab kolekcijas produkti lieliski papildin\u0101s katru interjeru, liel\u0101k\u0101 \u0161\u012bs produkcijas svece izgaismos j\u016bsu m\u0101ju un rad\u012bs pat\u012bkamu arom\u0101tu l\u012bdz pat 800 stund\u0101m! Baobab uzsver dabisku materi\u0101lu izmanto\u0161anas noz\u012bm\u012bgumu un roku darba v\u0113rt\u012bbu, t\u0101p\u0113c gan sveces, kas rad\u012btas komplic\u0113t\u0101 lie\u0161anas proces\u0101, gan ar\u012b to stikla ietvari ir unik\u0101li un nekait\u0113 ne dabai, ne cilv\u0113kam.<\/span><br \/>\nMelna lenta ar z\u012bmola logo tiek pievienota katrai svecei, pirms t\u0101 tiek iesai\u0146ota elegant\u0101 kast\u0113. Lieliska ideja d\u0101vanai!<\/p>\n<\/div>\n<\/div>\n<\/div>\n","protected":false},"excerpt":{"rendered":"<p><img loading=\"lazy\" decoding=\"async\" class=\"alignnone wp-image-71172\" src=\"https:\/\/www.xcelsiorselection.com\/wp-content\/uploads\/2018\/12\/Baobab-logo-1.jpg\" alt=\"\" width=\"139\" height=\"156\" \/><br \/>\nRa\u017eot\u0101js: Baobab<br \/>\nSmar\u017ea: <span class=\"tlid-translation translation\"><span class=\"\" title=\"\">frand\u017eipani koks &#8211; vani\u013ca<\/span><\/span><br \/>\nAugstums: 10 cm<br \/>\nSvars: 0,5 kg<br \/>\nAptuvenais deg\u0161anas laiks: 60h<br \/>\n4 deg\u013ci<\/p>\n","protected":false},"featured_media":90711,"comment_status":"closed","ping_status":"closed","template":"","meta":[],"_links":{"self":[{"href":"https:\/\/www.xcelsiorselection.com\/lv\/wp-json\/wp\/v2\/product\/72645\/"}],"collection":[{"href":"https:\/\/www.xcelsiorselection.com\/lv\/wp-json\/wp\/v2\/product\/"}],"about":[{"href":"https:\/\/www.xcelsiorselection.com\/lv\/wp-json\/wp\/v2\/types\/product\/"}],"replies":[{"embeddable":true,"href":"https:\/\/www.xcelsiorselection.com\/lv\/wp-json\/wp\/v2\/comments\/?post=72645"}],"wp:featuredmedia":[{"embeddable":true,"href":"https:\/\/www.xcelsiorselection.com\/lv\/wp-json\/wp\/v2\/media\/90711\/"}],"wp:attachment":[{"href":"https:\/\/www.xcelsiorselection.com\/lv\/wp-json\/wp\/v2\/media\/?parent=72645"}],"curies":[{"name":"wp","href":"https:\/\/api.w.org\/{rel}","templated":true}]}}