

{"id":72728,"date":"2019-02-23T14:44:23","date_gmt":"2019-02-23T12:44:23","guid":{"rendered":"https:\/\/www.xcelsiorselection.com\/product\/i-d-ish-winter\/"},"modified":"2019-09-12T16:40:29","modified_gmt":"2019-09-12T14:40:29","slug":"i-d-ish-winter","status":"publish","type":"product","link":"https:\/\/www.xcelsiorselection.com\/lv\/product\/i-d-ish-winter\/","title":{"rendered":"I.D. Ish, Ziema"},"content":{"rendered":"<p>I.D.Ish no D\u2019O ir pirm\u0101 kolekcija jaunaj\u0101 Kartell galda l\u012bnij\u0101, ko apstiprin\u0101jis slavenais \u0161efpav\u0101rs Davide Oldani, p\u0113tot m\u016bsdien\u012bgas formas un funkcijas, kas izce\u013c saturu, lai uzlabotu p\u0101rtikas esenci. \u0160\u012bs kolekcijas noteico\u0161\u0101 iez\u012bme ir z\u012bmogs \u0161\u0137\u012bvja mal\u0101, kas atspogu\u013co \u0161efpav\u0101ra \u012bpa\u0161o v\u012bziju par virtuvi, kur\u0101 viss grie\u017eas ap \u0113dienu.<\/p>\n","protected":false},"excerpt":{"rendered":"<p><img loading=\"lazy\" decoding=\"async\" src=\"http:\/\/www.xcelsiorselection.com\/wp-content\/uploads\/2015\/05\/kartell.jpg\" alt=\"kartell\" width=\"145\" height=\"43\" \/><\/p>\n<p>Ra\u017eot\u0101js: Kartell<br \/>\nDizains: Davide Oldani, 2015<br \/>\nMateri\u0101ls: melam\u012bns<br \/>\nIzm\u0113rs: 25 x 20 x 5,5 cm<\/p>\n","protected":false},"featured_media":72710,"comment_status":"closed","ping_status":"closed","template":"","meta":[],"_links":{"self":[{"href":"https:\/\/www.xcelsiorselection.com\/lv\/wp-json\/wp\/v2\/product\/72728\/"}],"collection":[{"href":"https:\/\/www.xcelsiorselection.com\/lv\/wp-json\/wp\/v2\/product\/"}],"about":[{"href":"https:\/\/www.xcelsiorselection.com\/lv\/wp-json\/wp\/v2\/types\/product\/"}],"replies":[{"embeddable":true,"href":"https:\/\/www.xcelsiorselection.com\/lv\/wp-json\/wp\/v2\/comments\/?post=72728"}],"wp:featuredmedia":[{"embeddable":true,"href":"https:\/\/www.xcelsiorselection.com\/lv\/wp-json\/wp\/v2\/media\/72710\/"}],"wp:attachment":[{"href":"https:\/\/www.xcelsiorselection.com\/lv\/wp-json\/wp\/v2\/media\/?parent=72728"}],"curies":[{"name":"wp","href":"https:\/\/api.w.org\/{rel}","templated":true}]}}