

{"id":72737,"date":"2019-02-23T15:01:29","date_gmt":"2019-02-23T13:01:29","guid":{"rendered":"https:\/\/www.xcelsiorselection.com\/product\/francois-ghost-red\/"},"modified":"2019-02-23T15:18:59","modified_gmt":"2019-02-23T13:18:59","slug":"francois-ghost-red","status":"publish","type":"product","link":"https:\/\/www.xcelsiorselection.com\/lv\/product\/francois-ghost-red\/","title":{"rendered":"Francois Ghost, sarkans"},"content":{"rendered":"<p>Taisnst\u016bra divdimensiju sienas spogu\u013cu s\u0113rija Francois Ghost, kas atg\u0101dina sl\u012bp\u0113tos krist\u0101la r\u0101mjus. R\u0101mji ir izgatavoti no caursp\u012bd\u012bga vai kr\u0101saina polikarbon\u0101ta, tie var tikt piekarin\u0101ti horizont\u0101li vai vertik\u0101li.Tiem kr\u0101sas iedvesmotas no Murano stikla, lai rad\u012btu p\u0101rsteidzo\u0161u dzi\u013cuma un bag\u0101t\u012bbas efektu. Fran\u00e7ois Ghost spogu\u013ciem ir ar\u012b elegantas mat\u0113tas kr\u0101sas un melna un balta versija. Lai uzzin\u0101tu vair\u0101k, l\u016bdzu, sazinietes ar mums!<\/p>\n","protected":false},"excerpt":{"rendered":"<p><img loading=\"lazy\" decoding=\"async\" src=\"http:\/\/www.xcelsiorselection.com\/wp-content\/uploads\/2015\/05\/kartell.jpg\" alt=\"kartell\" width=\"145\" height=\"43\" \/><\/p>\n<p>Ra\u017eot\u0101js: Kartell<br \/>\nDizains: Philippe Starck, 2005<br \/>\nMateri\u0101ls: polikarbon\u0101ts, stikls<br \/>\nIzm\u0113rs: 88 x 111 x 8,5 cm<\/p>\n","protected":false},"featured_media":72732,"comment_status":"closed","ping_status":"closed","template":"","meta":[],"_links":{"self":[{"href":"https:\/\/www.xcelsiorselection.com\/lv\/wp-json\/wp\/v2\/product\/72737\/"}],"collection":[{"href":"https:\/\/www.xcelsiorselection.com\/lv\/wp-json\/wp\/v2\/product\/"}],"about":[{"href":"https:\/\/www.xcelsiorselection.com\/lv\/wp-json\/wp\/v2\/types\/product\/"}],"replies":[{"embeddable":true,"href":"https:\/\/www.xcelsiorselection.com\/lv\/wp-json\/wp\/v2\/comments\/?post=72737"}],"wp:featuredmedia":[{"embeddable":true,"href":"https:\/\/www.xcelsiorselection.com\/lv\/wp-json\/wp\/v2\/media\/72732\/"}],"wp:attachment":[{"href":"https:\/\/www.xcelsiorselection.com\/lv\/wp-json\/wp\/v2\/media\/?parent=72737"}],"curies":[{"name":"wp","href":"https:\/\/api.w.org\/{rel}","templated":true}]}}