

{"id":72844,"date":"2019-02-24T13:44:26","date_gmt":"2019-02-24T11:44:26","guid":{"rendered":"https:\/\/www.xcelsiorselection.com\/product\/tool-the-bookworm-dandelion\/"},"modified":"2019-02-24T13:49:18","modified_gmt":"2019-02-24T11:49:18","slug":"tool-the-bookworm-dandelion","status":"publish","type":"product","link":"https:\/\/www.xcelsiorselection.com\/lv\/product\/tool-the-bookworm-dandelion\/","title":{"rendered":"Gr\u0101matz\u012bme &#8211; pienene"},"content":{"rendered":"<div id=\"tab-description\" class=\"panel entry-content\">\n<p>Lai ar\u012b \u012bsti gr\u0101matm\u012b\u013ci iztiek ar visparast\u0101kaj\u0101m lapi\u0146\u0101m, \u0161\u0146or\u0113m vai jeb ko citu, kas gad\u0101s pa rokai, pied\u0101v\u0101jam gr\u0101matz\u012bmi, kas paliek atmi\u0146\u0101! Pl\u0101n\u0101 misi\u0146a gr\u0101matz\u012bme zelta kr\u0101s\u0101 b\u016bs gan k\u0101 skaists akcents, gan ar\u012b pal\u012bgs, lai neaizmirstu, kur\u0101 lappus\u0113 beidzi las\u012bt gr\u0101matu. Laba ideja d\u0101vanai, vai ne?<br \/>\nToma Diksona v\u0101rds \u0161odien ir viens no ska\u013c\u0101kajiem ne tikai dzimtaj\u0101 Lielbrit\u0101nij\u0101, bet vis\u0101 dizaina pasaul\u0113. Karjeru Toms s\u0101ka asto\u0146desmitajos, piem\u0101jas gar\u0101\u017e\u0101, par m\u0113bel\u0113m p\u0101rv\u0113r\u0161ot vecu automobi\u013cu deta\u013cas. Jaun\u0101 met\u0101lm\u0101kslinieka darbus iev\u0113roja Cappellini r\u016bpn\u012bcas \u012bpa\u0161nieks, kur\u0161 aicin\u0101ja pievienoties vi\u0146u savai komandai. Jau 2002. gad\u0101 <em>Tom Dixon<\/em> v\u0101rd\u0101 tika nosaukta vi\u0146a pa\u0161a dibin\u0101ts dizaina z\u012bmols.<\/p>\n<\/div>\n","protected":false},"excerpt":{"rendered":"<p><img loading=\"lazy\" decoding=\"async\" src=\"http:\/\/www.xcelsiorselection.com\/wp-content\/uploads\/2016\/06\/tomlogo2-1232x600.png\" alt=\"tom dixon logo\" width=\"224\" height=\"108\" \/><br \/>\nRa\u017eot\u0101js: Tom Dixon<br \/>\nMateri\u0101ls: misi\u0146\u0161<br \/>\nIzm\u0113rs: 16 x 8,5 cm<\/p>\n","protected":false},"featured_media":72842,"comment_status":"closed","ping_status":"closed","template":"","meta":[],"_links":{"self":[{"href":"https:\/\/www.xcelsiorselection.com\/lv\/wp-json\/wp\/v2\/product\/72844\/"}],"collection":[{"href":"https:\/\/www.xcelsiorselection.com\/lv\/wp-json\/wp\/v2\/product\/"}],"about":[{"href":"https:\/\/www.xcelsiorselection.com\/lv\/wp-json\/wp\/v2\/types\/product\/"}],"replies":[{"embeddable":true,"href":"https:\/\/www.xcelsiorselection.com\/lv\/wp-json\/wp\/v2\/comments\/?post=72844"}],"wp:featuredmedia":[{"embeddable":true,"href":"https:\/\/www.xcelsiorselection.com\/lv\/wp-json\/wp\/v2\/media\/72842\/"}],"wp:attachment":[{"href":"https:\/\/www.xcelsiorselection.com\/lv\/wp-json\/wp\/v2\/media\/?parent=72844"}],"curies":[{"name":"wp","href":"https:\/\/api.w.org\/{rel}","templated":true}]}}