

{"id":72871,"date":"2019-02-24T14:28:06","date_gmt":"2019-02-24T12:28:06","guid":{"rendered":"https:\/\/www.xcelsiorselection.com\/product\/carnival-tray\/"},"modified":"2019-02-24T14:30:30","modified_gmt":"2019-02-24T12:30:30","slug":"carnival-tray","status":"publish","type":"product","link":"https:\/\/www.xcelsiorselection.com\/lv\/product\/carnival-tray\/","title":{"rendered":"Papl\u0101te &#8211; Karnev\u0101ls"},"content":{"rendered":"<p>Apdruk\u0101ta melam\u012bna papl\u0101te ar skaistu akvare\u013cu ilustr\u0101ciju. Gl\u012bts akcents serv\u0113\u0161anai, lieliska ideja d\u0101vanai! Ra\u017eota maz\u0101 Be\u013c\u0123ijas r\u016bpn\u012bc\u0101.<br \/>\nDonna Wilsone rada lietas, ko ir iedvesmojusi vi\u0146as b\u0113rn\u012bba, uzaugot Skotijas laukos. Rad\u012bt\u0101s lietas ir rota\u013c\u012bgas, visda\u017e\u0101d\u0101kaj\u0101s kr\u0101s\u0101s un nu jau iekaroju\u0161as cilv\u0113ku sirdis vis\u0101 pasaul\u0113.<\/p>\n","protected":false},"excerpt":{"rendered":"<p><img loading=\"lazy\" decoding=\"async\" src=\"http:\/\/www.xcelsiorselection.com\/wp-content\/uploads\/2015\/08\/donna-wilson.jpg\" alt=\"donna wilson, xcelsior\" width=\"200\" height=\"30\" \/><\/p>\n<p>Dizains: Donna Wilson<br \/>\nMateri\u0101ls: melam\u012bns<br \/>\nIzm\u0113rs: <span class=\"ILfuVd\">\u2300<\/span>45 cm<\/p>\n","protected":false},"featured_media":72866,"comment_status":"closed","ping_status":"closed","template":"","meta":[],"_links":{"self":[{"href":"https:\/\/www.xcelsiorselection.com\/lv\/wp-json\/wp\/v2\/product\/72871\/"}],"collection":[{"href":"https:\/\/www.xcelsiorselection.com\/lv\/wp-json\/wp\/v2\/product\/"}],"about":[{"href":"https:\/\/www.xcelsiorselection.com\/lv\/wp-json\/wp\/v2\/types\/product\/"}],"replies":[{"embeddable":true,"href":"https:\/\/www.xcelsiorselection.com\/lv\/wp-json\/wp\/v2\/comments\/?post=72871"}],"wp:featuredmedia":[{"embeddable":true,"href":"https:\/\/www.xcelsiorselection.com\/lv\/wp-json\/wp\/v2\/media\/72866\/"}],"wp:attachment":[{"href":"https:\/\/www.xcelsiorselection.com\/lv\/wp-json\/wp\/v2\/media\/?parent=72871"}],"curies":[{"name":"wp","href":"https:\/\/api.w.org\/{rel}","templated":true}]}}