

{"id":72940,"date":"2019-02-24T17:22:55","date_gmt":"2019-02-24T15:22:55","guid":{"rendered":"https:\/\/www.xcelsiorselection.com\/product\/squirrel-bamboo-plate\/"},"modified":"2019-02-24T17:24:40","modified_gmt":"2019-02-24T15:24:40","slug":"squirrel-bamboo-plate","status":"publish","type":"product","link":"https:\/\/www.xcelsiorselection.com\/lv\/product\/squirrel-bamboo-plate\/","title":{"rendered":"Bambusa \u0161\u0137\u012bvis \u2013 V\u0101vere"},"content":{"rendered":"<p>Videi draudz\u012bgas bambusa \u0161\u0137iedras trauki no Donna Wilson ir ide\u0101li piem\u0113roti piknika un \u0101ra piedz\u012bvojumiem, k\u0101 ar\u012b uzkod\u0101m m\u0101j\u0101s. Trauki izgatavoti no p\u0101rstr\u0101d\u0101jamas un biolo\u0123iski no\u0101rd\u0101mas bambusa \u0161\u0137iedras. Var mzg\u0101t trauku mazg\u0101jam\u0101 ma\u0161\u012bn\u0101 (nep\u0101rsniedzot 40 gr\u0101du temperat\u016bru). Nelietot mikrovi\u013c\u0146u kr\u0101sn\u012b.<br \/>\nDonna Wilsone rada lietas, ko ir iedvesmojusi vi\u0146as b\u0113rn\u012bba, uzaugot Skotijas laukos. Rad\u012bt\u0101s lietas ir rota\u013c\u012bgas, visda\u017e\u0101d\u0101kaj\u0101s kr\u0101s\u0101s un nu jau iekaroju\u0161as cilv\u0113ku sirdis vis\u0101 pasaul\u0113.<\/p>\n","protected":false},"excerpt":{"rendered":"<p><img loading=\"lazy\" decoding=\"async\" src=\"http:\/\/www.xcelsiorselection.com\/wp-content\/uploads\/2015\/08\/donna-wilson.jpg\" alt=\"donna wilson, xcelsior\" width=\"200\" height=\"30\" \/><\/p>\n<p>Dizains: Donna Wilson<br \/>\nMateri\u0101ls: bambusa \u0161\u0137iedra<br \/>\nIzm\u0113rs: <span class=\"ILfuVd\">\u2300<\/span>20 cm<\/p>\n","protected":false},"featured_media":72938,"comment_status":"closed","ping_status":"closed","template":"","meta":[],"_links":{"self":[{"href":"https:\/\/www.xcelsiorselection.com\/lv\/wp-json\/wp\/v2\/product\/72940\/"}],"collection":[{"href":"https:\/\/www.xcelsiorselection.com\/lv\/wp-json\/wp\/v2\/product\/"}],"about":[{"href":"https:\/\/www.xcelsiorselection.com\/lv\/wp-json\/wp\/v2\/types\/product\/"}],"replies":[{"embeddable":true,"href":"https:\/\/www.xcelsiorselection.com\/lv\/wp-json\/wp\/v2\/comments\/?post=72940"}],"wp:featuredmedia":[{"embeddable":true,"href":"https:\/\/www.xcelsiorselection.com\/lv\/wp-json\/wp\/v2\/media\/72938\/"}],"wp:attachment":[{"href":"https:\/\/www.xcelsiorselection.com\/lv\/wp-json\/wp\/v2\/media\/?parent=72940"}],"curies":[{"name":"wp","href":"https:\/\/api.w.org\/{rel}","templated":true}]}}