

{"id":73042,"date":"2019-03-06T10:17:42","date_gmt":"2019-03-06T08:17:42","guid":{"rendered":"https:\/\/www.xcelsiorselection.com\/product\/acorn-bowl-small\/"},"modified":"2019-03-06T10:20:32","modified_gmt":"2019-03-06T08:20:32","slug":"acorn-bowl-small","status":"publish","type":"product","link":"https:\/\/www.xcelsiorselection.com\/lv\/product\/acorn-bowl-small\/","title":{"rendered":"B\u013coda ar z\u012bl\u0113m \u2013 maza"},"content":{"rendered":"<div id=\"tab-description\" class=\"panel entry-content\">Jauka, pag\u0101ju\u0161\u0101 gadsimta iedvesmota, b\u013coda ar skaistu ozolz\u012b\u013cu un lapu dizainu. Var mazg\u0101t trauku mazg\u0101jam\u0101 ma\u0161\u012bn\u0101 un lietot mikrovi\u013c\u0146u kr\u0101sn\u012b.<br \/>\nDonna Wilson rada lietas, ko ir iedvesmojusi vi\u0146as b\u0113rn\u012bba, uzaugot Skotijas laukos. Rad\u012bt\u0101s lietas ir rota\u013c\u012bgas, visda\u017e\u0101d\u0101kaj\u0101s kr\u0101s\u0101s un nu jau iekaroju\u0161as cilv\u0113ku sirdis vis\u0101 pasaul\u0113.<\/div>\n","protected":false},"excerpt":{"rendered":"<p><img loading=\"lazy\" decoding=\"async\" class=\"alignnone wp-image-15438\" src=\"http:\/\/www.xcelsiorselection.com\/wp-content\/uploads\/2015\/08\/donna-wilson.jpg\" alt=\"donna wilson, xcelsior\" width=\"200\" height=\"30\" srcset=\"https:\/\/www.xcelsiorselection.com\/wp-content\/uploads\/2015\/08\/donna-wilson.jpg 2085w, https:\/\/www.xcelsiorselection.com\/wp-content\/uploads\/2015\/08\/donna-wilson-600x93.jpg 600w\" sizes=\"(max-width: 200px) 100vw, 200px\" \/><\/p>\n<p>Dizains: Donna Wilson<br \/>\nMateri\u0101ls: 100% kaulu porcel\u0101ns<br \/>\nRoku darbs, b\u013coda apdedzin\u0101ta un apdruk\u0101ta<br \/>\nIzm\u0113rs: \u00f813 x 4 cm<\/p>\n","protected":false},"featured_media":73032,"comment_status":"closed","ping_status":"closed","template":"","meta":[],"_links":{"self":[{"href":"https:\/\/www.xcelsiorselection.com\/lv\/wp-json\/wp\/v2\/product\/73042\/"}],"collection":[{"href":"https:\/\/www.xcelsiorselection.com\/lv\/wp-json\/wp\/v2\/product\/"}],"about":[{"href":"https:\/\/www.xcelsiorselection.com\/lv\/wp-json\/wp\/v2\/types\/product\/"}],"replies":[{"embeddable":true,"href":"https:\/\/www.xcelsiorselection.com\/lv\/wp-json\/wp\/v2\/comments\/?post=73042"}],"wp:featuredmedia":[{"embeddable":true,"href":"https:\/\/www.xcelsiorselection.com\/lv\/wp-json\/wp\/v2\/media\/73032\/"}],"wp:attachment":[{"href":"https:\/\/www.xcelsiorselection.com\/lv\/wp-json\/wp\/v2\/media\/?parent=73042"}],"curies":[{"name":"wp","href":"https:\/\/api.w.org\/{rel}","templated":true}]}}