

{"id":73067,"date":"2019-03-07T09:30:01","date_gmt":"2019-03-07T07:30:01","guid":{"rendered":"https:\/\/www.xcelsiorselection.com\/product\/caribou-blanket\/"},"modified":"2019-03-07T09:39:20","modified_gmt":"2019-03-07T07:39:20","slug":"caribou-blanket","status":"publish","type":"product","link":"https:\/\/www.xcelsiorselection.com\/lv\/product\/caribou-blanket\/","title":{"rendered":"Vilnas sega &#8211; Alnis"},"content":{"rendered":"<p>M\u012bksta vilnas sega ar Kan\u0101das alni, lieliska, lai sasild\u012btos.<br \/>\nDonna Wilsone rada lietas, ko ir iedvesmojusi vi\u0146as b\u0113rn\u012bba, uzaugot Skotijas laukos. Rad\u012bt\u0101s lietas ir rota\u013c\u012bgas, visda\u017e\u0101d\u0101kaj\u0101s kr\u0101s\u0101s un nu jau iekaroju\u0161as cilv\u0113ku sirdis vis\u0101 pasaul\u0113.<\/p>\n","protected":false},"excerpt":{"rendered":"<p><img loading=\"lazy\" decoding=\"async\" class=\"alignnone wp-image-15438\" src=\"http:\/\/www.xcelsiorselection.com\/wp-content\/uploads\/2015\/08\/donna-wilson.jpg\" alt=\"donna wilson, xcelsior\" width=\"200\" height=\"30\" srcset=\"https:\/\/www.xcelsiorselection.com\/wp-content\/uploads\/2015\/08\/donna-wilson.jpg 2085w, https:\/\/www.xcelsiorselection.com\/wp-content\/uploads\/2015\/08\/donna-wilson-600x93.jpg 600w\" sizes=\"(max-width: 200px) 100vw, 200px\" \/><\/p>\n<p>Dizains: Donna Wilson<br \/>\nMateri\u0101ls: 100% aitas vilna<br \/>\nIzm\u0113rs: 190 x 145cm<\/p>\n","protected":false},"featured_media":73056,"comment_status":"closed","ping_status":"closed","template":"","meta":[],"_links":{"self":[{"href":"https:\/\/www.xcelsiorselection.com\/lv\/wp-json\/wp\/v2\/product\/73067\/"}],"collection":[{"href":"https:\/\/www.xcelsiorselection.com\/lv\/wp-json\/wp\/v2\/product\/"}],"about":[{"href":"https:\/\/www.xcelsiorselection.com\/lv\/wp-json\/wp\/v2\/types\/product\/"}],"replies":[{"embeddable":true,"href":"https:\/\/www.xcelsiorselection.com\/lv\/wp-json\/wp\/v2\/comments\/?post=73067"}],"wp:featuredmedia":[{"embeddable":true,"href":"https:\/\/www.xcelsiorselection.com\/lv\/wp-json\/wp\/v2\/media\/73056\/"}],"wp:attachment":[{"href":"https:\/\/www.xcelsiorselection.com\/lv\/wp-json\/wp\/v2\/media\/?parent=73067"}],"curies":[{"name":"wp","href":"https:\/\/api.w.org\/{rel}","templated":true}]}}