

{"id":73106,"date":"2019-03-07T11:22:03","date_gmt":"2019-03-07T09:22:03","guid":{"rendered":"https:\/\/www.xcelsiorselection.com\/product\/sleepy-seal-toy\/"},"modified":"2019-03-07T11:30:29","modified_gmt":"2019-03-07T09:30:29","slug":"sleepy-seal-toy","status":"publish","type":"product","link":"https:\/\/www.xcelsiorselection.com\/lv\/product\/sleepy-seal-toy\/","title":{"rendered":"Miegainais ronis"},"content":{"rendered":"<p><em>\u2018Wild Things\u2019<\/em> ir pirm\u0101 Donnas Wilsones rota\u013clietu kolekcija, kas veidota no kokvilnas. Da\u017e\u0101die zv\u0113ri paredz\u0113ti k\u0101 rota\u013clietas vai istabas aksesu\u0101ri b\u0113rniem. \u0160\u012bs kolekcijas rota\u013clietas var mazg\u0101t ve\u013casma\u0161\u012bn\u0101, kas nodro\u0161ina sp\u0113l\u0113\u0161anos bez raiz\u0113m.<br \/>\n100% kokvilna ar poliestera pild\u012bjumu. Ra\u017eots Taizem\u0113.<br \/>\nDonna Wilsone rada lietas, ko ir iedvesmojusi vi\u0146as b\u0113rn\u012bba, uzaugot Skotijas laukos. Rad\u012bt\u0101s lietas ir rota\u013c\u012bgas, visda\u017e\u0101d\u0101kaj\u0101s kr\u0101s\u0101s un nu jau iekaroju\u0161as cilv\u0113ku sirdis vis\u0101 pasaul\u0113.<\/p>\n","protected":false},"excerpt":{"rendered":"<p><img loading=\"lazy\" decoding=\"async\" src=\"http:\/\/www.xcelsiorselection.com\/wp-content\/uploads\/2015\/08\/donna-wilson.jpg\" alt=\"donna wilson, xcelsior\" width=\"200\" height=\"30\" \/><br \/>\nDizains: Donna Wilson<br \/>\nMateri\u0101ls: 100% kokvilna ar poliestera pild\u012bjumu<br \/>\nIzm\u0113rs:42 cm<\/p>\n","protected":false},"featured_media":73104,"comment_status":"closed","ping_status":"closed","template":"","meta":[],"_links":{"self":[{"href":"https:\/\/www.xcelsiorselection.com\/lv\/wp-json\/wp\/v2\/product\/73106\/"}],"collection":[{"href":"https:\/\/www.xcelsiorselection.com\/lv\/wp-json\/wp\/v2\/product\/"}],"about":[{"href":"https:\/\/www.xcelsiorselection.com\/lv\/wp-json\/wp\/v2\/types\/product\/"}],"replies":[{"embeddable":true,"href":"https:\/\/www.xcelsiorselection.com\/lv\/wp-json\/wp\/v2\/comments\/?post=73106"}],"wp:featuredmedia":[{"embeddable":true,"href":"https:\/\/www.xcelsiorselection.com\/lv\/wp-json\/wp\/v2\/media\/73104\/"}],"wp:attachment":[{"href":"https:\/\/www.xcelsiorselection.com\/lv\/wp-json\/wp\/v2\/media\/?parent=73106"}],"curies":[{"name":"wp","href":"https:\/\/api.w.org\/{rel}","templated":true}]}}