

{"id":73166,"date":"2019-03-11T20:32:38","date_gmt":"2019-03-11T18:32:38","guid":{"rendered":"https:\/\/www.xcelsiorselection.com\/product\/wilbur-koala\/"},"modified":"2019-03-11T20:40:11","modified_gmt":"2019-03-11T18:40:11","slug":"wilbur-koala","status":"publish","type":"product","link":"https:\/\/www.xcelsiorselection.com\/lv\/product\/wilbur-koala\/","title":{"rendered":"Koala Wilbur"},"content":{"rendered":"<p>Donna Wilsone rada lietas, ko ir iedvesmojusi vi\u0146as b\u0113rn\u012bba, uzaugot Skotijas laukos. Rad\u012bt\u0101s lietas ir rota\u013c\u012bgas, visda\u017e\u0101d\u0101kaj\u0101s kr\u0101s\u0101s un nu jau iekaroju\u0161as cilv\u0113ku sirdis vis\u0101 pasaul\u0113.<br \/>\n<span class=\"tlid-translation translation\"><span class=\"\" title=\"\">Piem\u0113rots vecumam no 3 gadiem.<\/span> T\u012br\u012bt t<span title=\"\">ikai \u0137\u012bmiski.<\/span><\/span><\/p>\n","protected":false},"excerpt":{"rendered":"<p><img loading=\"lazy\" decoding=\"async\" src=\"http:\/\/www.xcelsiorselection.com\/wp-content\/uploads\/2015\/08\/donna-wilson.jpg\" alt=\"donna wilson, xcelsior\" width=\"200\" height=\"30\" \/><br \/>\nDizains: Donna Wilson<br \/>\nMateri\u0101ls: 100% aitas vilna ar poliestera pild\u012bjumu<br \/>\nIzm\u0113rs: 23 cm<\/p>\n","protected":false},"featured_media":73164,"comment_status":"closed","ping_status":"closed","template":"","meta":[],"_links":{"self":[{"href":"https:\/\/www.xcelsiorselection.com\/lv\/wp-json\/wp\/v2\/product\/73166\/"}],"collection":[{"href":"https:\/\/www.xcelsiorselection.com\/lv\/wp-json\/wp\/v2\/product\/"}],"about":[{"href":"https:\/\/www.xcelsiorselection.com\/lv\/wp-json\/wp\/v2\/types\/product\/"}],"replies":[{"embeddable":true,"href":"https:\/\/www.xcelsiorselection.com\/lv\/wp-json\/wp\/v2\/comments\/?post=73166"}],"wp:featuredmedia":[{"embeddable":true,"href":"https:\/\/www.xcelsiorselection.com\/lv\/wp-json\/wp\/v2\/media\/73164\/"}],"wp:attachment":[{"href":"https:\/\/www.xcelsiorselection.com\/lv\/wp-json\/wp\/v2\/media\/?parent=73166"}],"curies":[{"name":"wp","href":"https:\/\/api.w.org\/{rel}","templated":true}]}}