

{"id":73795,"date":"2019-04-08T19:08:24","date_gmt":"2019-04-08T17:08:24","guid":{"rendered":"https:\/\/www.xcelsiorselection.com\/product\/i-wares-gold-tea\/"},"modified":"2019-04-08T19:11:11","modified_gmt":"2019-04-08T17:11:11","slug":"i-wares-gold-tea","status":"publish","type":"product","link":"https:\/\/www.xcelsiorselection.com\/lv\/product\/i-wares-gold-tea\/","title":{"rendered":"I-Wares T\u0113jas kr\u016bze, zelta"},"content":{"rendered":"<div class=\"large-12 columns \">\n<div class=\"tabbed-content woocommerce-tabs\">\n<div id=\"tab-description\" class=\"panel entry-content\">\n<p>Kr\u016bzes, t\u0113jas un kafijas komplekti ar baroka iedvesmu.<br \/>\nSmalks necaursp\u012bd\u012bgs porcel\u0101ns ar baltu, mat\u0113tu apdari un zelta kr\u0101sas osi\u0146\u0101m.<br \/>\nEleganta, sp\u012bd\u012bga zelta apdare nodro\u0161ina kolekcijai jaunu izsmalcin\u0101tu pieska\u0146u.<\/p>\n<\/div>\n<\/div>\n<\/div>\n","protected":false},"excerpt":{"rendered":"<p><img loading=\"lazy\" decoding=\"async\" src=\"http:\/\/www.xcelsiorselection.com\/wp-content\/uploads\/2015\/12\/seletti.jpg\" alt=\"seletti\" width=\"167\" height=\"36\" \/><\/p>\n<p>Ra\u017eot\u0101js: Seletti<br \/>\nMateri\u0101ls: porcel\u0101ns<br \/>\nIzm\u0113rs: \u00f813 x 7 cm<\/p>\n","protected":false},"featured_media":73779,"comment_status":"closed","ping_status":"closed","template":"","meta":[],"_links":{"self":[{"href":"https:\/\/www.xcelsiorselection.com\/lv\/wp-json\/wp\/v2\/product\/73795\/"}],"collection":[{"href":"https:\/\/www.xcelsiorselection.com\/lv\/wp-json\/wp\/v2\/product\/"}],"about":[{"href":"https:\/\/www.xcelsiorselection.com\/lv\/wp-json\/wp\/v2\/types\/product\/"}],"replies":[{"embeddable":true,"href":"https:\/\/www.xcelsiorselection.com\/lv\/wp-json\/wp\/v2\/comments\/?post=73795"}],"wp:featuredmedia":[{"embeddable":true,"href":"https:\/\/www.xcelsiorselection.com\/lv\/wp-json\/wp\/v2\/media\/73779\/"}],"wp:attachment":[{"href":"https:\/\/www.xcelsiorselection.com\/lv\/wp-json\/wp\/v2\/media\/?parent=73795"}],"curies":[{"name":"wp","href":"https:\/\/api.w.org\/{rel}","templated":true}]}}